{"id":6510,"date":"2021-12-01T01:17:38","date_gmt":"2021-11-30T23:17:38","guid":{"rendered":"https:\/\/marketingbrand.de\/?page_id=6510"},"modified":"2022-12-19T19:04:52","modified_gmt":"2022-12-19T17:04:52","slug":"referenz-kaiser-heubach-partner-gbr","status":"publish","type":"page","link":"https:\/\/www.marketingbrand.de\/en\/referenz-kaiser-heubach-partner-gbr\/","title":{"rendered":"Reference Kaiser, Heubach &amp; Partner GbR"},"content":{"rendered":"<div data-elementor-type=\"wp-page\" data-elementor-id=\"6510\" class=\"elementor elementor-6510\" data-elementor-post-type=\"page\">\n\t\t\t\t\t\t<section data-particle_enable=\"false\" data-particle-mobile-disabled=\"false\" class=\"elementor-section elementor-top-section elementor-element elementor-element-a145cba elementor-section-boxed elementor-section-height-default elementor-section-height-default\" data-id=\"a145cba\" data-element_type=\"section\" data-e-type=\"section\" data-settings=\"{&quot;background_background&quot;:&quot;classic&quot;}\">\n\t\t\t\t\t\t\t<div class=\"elementor-background-overlay\"><\/div>\n\t\t\t\t\t\t\t<div class=\"elementor-container elementor-column-gap-default\">\n\t\t\t\t\t<div class=\"elementor-column elementor-col-50 elementor-top-column elementor-element elementor-element-db6cd72 elementor-invisible\" data-id=\"db6cd72\" data-element_type=\"column\" data-e-type=\"column\" data-settings=\"{&quot;animation&quot;:&quot;slideInLeft&quot;}\">\n\t\t\t<div class=\"elementor-widget-wrap elementor-element-populated\">\n\t\t\t\t\t\t<div class=\"elementor-element elementor-element-36ac2b2 elementor-widget elementor-widget-heading\" data-id=\"36ac2b2\" data-element_type=\"widget\" data-e-type=\"widget\" data-widget_type=\"heading.default\">\n\t\t\t\t<div class=\"elementor-widget-container\">\n\t\t\t\t\t<h2 class=\"elementor-heading-title elementor-size-default\">\"Acquisition of 2 employees within 45 days thanks to optimization of the website\".<\/h2>\t\t\t\t<\/div>\n\t\t\t\t<\/div>\n\t\t\t\t<div class=\"elementor-element elementor-element-78d7bb7 elementor-widget elementor-widget-heading\" data-id=\"78d7bb7\" data-element_type=\"widget\" data-e-type=\"widget\" data-widget_type=\"heading.default\">\n\t\t\t\t<div class=\"elementor-widget-container\">\n\t\t\t\t\t<h2 class=\"elementor-heading-title elementor-size-default\">April 28, 2021<\/h2>\t\t\t\t<\/div>\n\t\t\t\t<\/div>\n\t\t\t\t<div class=\"elementor-element elementor-element-6f54c8a elementor-align-left elementor-mobile-align-justify elementor-widget elementor-widget-button\" data-id=\"6f54c8a\" data-element_type=\"widget\" data-e-type=\"widget\" data-settings=\"{&quot;_animation_mobile&quot;:&quot;fadeInUp&quot;}\" data-widget_type=\"button.default\">\n\t\t\t\t<div class=\"elementor-widget-container\">\n\t\t\t\t\t\t\t\t\t<div class=\"elementor-button-wrapper\">\n\t\t\t\t\t<a class=\"elementor-button elementor-button-link elementor-size-md elementor-animation-shrink\" href=\"https:\/\/www.khp-steuerberater.de\" target=\"_blank\">\n\t\t\t\t\t\t<span class=\"elementor-button-content-wrapper\">\n\t\t\t\t\t\t<span class=\"elementor-button-icon\">\n\t\t\t\t<i aria-hidden=\"true\" class=\"fas fa-link\"><\/i>\t\t\t<\/span>\n\t\t\t\t\t\t\t\t\t<span class=\"elementor-button-text\">Visit Site<\/span>\n\t\t\t\t\t<\/span>\n\t\t\t\t\t<\/a>\n\t\t\t\t<\/div>\n\t\t\t\t\t\t\t\t<\/div>\n\t\t\t\t<\/div>\n\t\t\t\t\t<\/div>\n\t\t<\/div>\n\t\t\t\t<div class=\"elementor-column elementor-col-50 elementor-top-column elementor-element elementor-element-3e4c320\" data-id=\"3e4c320\" data-element_type=\"column\" data-e-type=\"column\">\n\t\t\t<div class=\"elementor-widget-wrap elementor-element-populated\">\n\t\t\t\t\t\t<div class=\"elementor-element elementor-element-a87d213 elementor-invisible elementor-widget elementor-widget-image\" data-id=\"a87d213\" data-element_type=\"widget\" data-e-type=\"widget\" data-settings=\"{&quot;_animation&quot;:&quot;slideInRight&quot;}\" data-widget_type=\"image.default\">\n\t\t\t\t<div class=\"elementor-widget-container\">\n\t\t\t\t\t\t\t\t\t\t\t\t\t\t\t\t<a href=\"https:\/\/www.khp-steuerberater.de\" target=\"_blank\">\n\t\t\t\t\t\t\t<img fetchpriority=\"high\" decoding=\"async\" width=\"800\" height=\"823\" src=\"https:\/\/www.marketingbrand.de\/wp-content\/uploads\/2022\/10\/MB-Referenz-Unterseiten-KHP-995x1024.jpg\" class=\"elementor-animation-shrink attachment-large size-large wp-image-10258\" alt=\"Kaiser Heubach &amp; Partner GbR\" srcset=\"https:\/\/www.marketingbrand.de\/wp-content\/uploads\/2022\/10\/MB-Referenz-Unterseiten-KHP-995x1024.jpg 995w, https:\/\/www.marketingbrand.de\/wp-content\/uploads\/2022\/10\/MB-Referenz-Unterseiten-KHP-292x300.jpg 292w, https:\/\/www.marketingbrand.de\/wp-content\/uploads\/2022\/10\/MB-Referenz-Unterseiten-KHP-768x790.jpg 768w, https:\/\/www.marketingbrand.de\/wp-content\/uploads\/2022\/10\/MB-Referenz-Unterseiten-KHP-12x12.jpg 12w, https:\/\/www.marketingbrand.de\/wp-content\/uploads\/2022\/10\/MB-Referenz-Unterseiten-KHP.jpg 1186w\" sizes=\"(max-width: 800px) 100vw, 800px\" \/>\t\t\t\t\t\t\t\t<\/a>\n\t\t\t\t\t\t\t\t\t\t\t\t\t\t\t<\/div>\n\t\t\t\t<\/div>\n\t\t\t\t\t<\/div>\n\t\t<\/div>\n\t\t\t\t\t<\/div>\n\t\t<\/section>\n\t\t\t\t<section data-particle_enable=\"false\" data-particle-mobile-disabled=\"false\" class=\"elementor-section elementor-top-section elementor-element elementor-element-827df24 elementor-section-boxed elementor-section-height-default elementor-section-height-default\" data-id=\"827df24\" data-element_type=\"section\" data-e-type=\"section\">\n\t\t\t\t\t\t<div class=\"elementor-container elementor-column-gap-default\">\n\t\t\t\t\t<div class=\"elementor-column elementor-col-100 elementor-top-column elementor-element elementor-element-34c200c\" data-id=\"34c200c\" data-element_type=\"column\" data-e-type=\"column\">\n\t\t\t<div class=\"elementor-widget-wrap elementor-element-populated\">\n\t\t\t\t\t\t<div class=\"elementor-element elementor-element-95dfbef elementor-widget elementor-widget-text-editor\" data-id=\"95dfbef\" data-element_type=\"widget\" data-e-type=\"widget\" data-widget_type=\"text-editor.default\">\n\t\t\t\t<div class=\"elementor-widget-container\">\n\t\t\t\t\t\t\t\t\t<p>The law firm Kaiser, Heubach &amp; Partner has been established for decades and is successfully active nationwide with more than 20 employees. The focus here was to revise the existing website and create clear structures. Our plan was to give existing customers a quick and uncomplicated overview of the services of KHP Gbr (Kaiser, Heubach &amp; Partner Gbr), as well as to guide potential new customers to a new successful cooperation with KHP Gbr with appealing designs and target-oriented texts as well as CTA's (Call to Action Buttons). Recruiting employees via the website was and still is an important part of the website and should effectively lead interested parties to an application.<\/p><p>The latter worked out successfully as we were able to generate 2 high quality employees for KHP Gbr within only 1.5 months by optimizing the website.<\/p>\t\t\t\t\t\t\t\t<\/div>\n\t\t\t\t<\/div>\n\t\t\t\t\t<\/div>\n\t\t<\/div>\n\t\t\t\t\t<\/div>\n\t\t<\/section>\n\t\t\t\t<section data-particle_enable=\"false\" data-particle-mobile-disabled=\"false\" class=\"elementor-section elementor-top-section elementor-element elementor-element-d01b073 elementor-section-boxed elementor-section-height-default elementor-section-height-default\" data-id=\"d01b073\" data-element_type=\"section\" data-e-type=\"section\">\n\t\t\t\t\t\t<div class=\"elementor-container elementor-column-gap-default\">\n\t\t\t\t\t<div class=\"elementor-column elementor-col-100 elementor-top-column elementor-element elementor-element-9b80cf0\" data-id=\"9b80cf0\" data-element_type=\"column\" data-e-type=\"column\">\n\t\t\t<div class=\"elementor-widget-wrap elementor-element-populated\">\n\t\t\t\t\t\t<div class=\"elementor-element elementor-element-1dde2d1 elementor-align-left elementor-mobile-align-justify animated-slow elementor-invisible elementor-widget elementor-widget-button\" data-id=\"1dde2d1\" data-element_type=\"widget\" data-e-type=\"widget\" data-settings=\"{&quot;_animation_mobile&quot;:&quot;fadeInUp&quot;,&quot;_animation&quot;:&quot;fadeInUp&quot;}\" data-widget_type=\"button.default\">\n\t\t\t\t<div class=\"elementor-widget-container\">\n\t\t\t\t\t\t\t\t\t<div class=\"elementor-button-wrapper\">\n\t\t\t\t\t<a class=\"elementor-button elementor-button-link elementor-size-md elementor-animation-shrink\" href=\"#elementor-action%3Aaction%3Dpopup%3Aopen%26settings%3DeyJpZCI6IjYwMTMiLCJ0b2dnbGUiOmZhbHNlfQ%3D%3D\">\n\t\t\t\t\t\t<span class=\"elementor-button-content-wrapper\">\n\t\t\t\t\t\t<span class=\"elementor-button-icon\">\n\t\t\t\t<i aria-hidden=\"true\" class=\"far fa-paper-plane\"><\/i>\t\t\t<\/span>\n\t\t\t\t\t\t\t\t\t<span class=\"elementor-button-text\">Arrange initial meeting now<\/span>\n\t\t\t\t\t<\/span>\n\t\t\t\t\t<\/a>\n\t\t\t\t<\/div>\n\t\t\t\t\t\t\t\t<\/div>\n\t\t\t\t<\/div>\n\t\t\t\t\t<\/div>\n\t\t<\/div>\n\t\t\t\t\t<\/div>\n\t\t<\/section>\n\t\t\t\t<\/div>","protected":false},"excerpt":{"rendered":"<p>\u201eGewinnung von 2 Mitarbeitern innerhalb 45 Tagen dank Optimierung der Webseite\u201c 28. April 2021 Webseite besuchen Die Kanzlei Kaiser, Heubach &amp; Partner ist schon Jahrzehnte etabliert und mit \u00fcber 20 Mitarbeitern erfolgreich \u00fcberregional t\u00e4tig. Hier lag der Fokus die bestehende Webseite zu \u00fcberarbeiten und klare Strukturen zu schaffen. Unser Plan war es den Bestandskunden einen [&hellip;]<\/p>\n","protected":false},"author":1,"featured_media":3983,"parent":0,"menu_order":0,"comment_status":"closed","ping_status":"closed","template":"","meta":{"footnotes":""},"class_list":["post-6510","page","type-page","status-publish","has-post-thumbnail","hentry"],"yoast_head":"<!-- This site is optimized with the Yoast SEO plugin v27.4 - https:\/\/yoast.com\/product\/yoast-seo-wordpress\/ -->\n<title>Referenz Kaiser, Heubach &amp; Partner GbR - Marketing-Brand<\/title>\n<meta name=\"description\" content=\"Wir konnten der KHP GbR innerhalb von nur 1,5 Monaten 2 hoch qualitative Mitarbeiter durch die Optimierungen der Webseite gewinnen.\" \/>\n<meta name=\"robots\" content=\"index, follow, max-snippet:-1, max-image-preview:large, max-video-preview:-1\" \/>\n<link rel=\"canonical\" href=\"https:\/\/www.marketingbrand.de\/en\/referenz-kaiser-heubach-partner-gbr\/\" \/>\n<meta property=\"og:locale\" content=\"en_US\" \/>\n<meta property=\"og:type\" content=\"article\" \/>\n<meta property=\"og:title\" content=\"Referenz Kaiser, Heubach &amp; Partner GbR - Marketing-Brand\" \/>\n<meta property=\"og:description\" content=\"Wir konnten der KHP GbR innerhalb von nur 1,5 Monaten 2 hoch qualitative Mitarbeiter durch die Optimierungen der Webseite gewinnen.\" \/>\n<meta property=\"og:url\" content=\"https:\/\/www.marketingbrand.de\/en\/referenz-kaiser-heubach-partner-gbr\/\" \/>\n<meta property=\"og:site_name\" content=\"Marketing-Brand\u00ae \u2013 Webdesign &amp; Social Media Agentur aus Pforzheim\" \/>\n<meta property=\"article:publisher\" content=\"https:\/\/www.facebook.com\/marketingbrand.llc\" \/>\n<meta property=\"article:modified_time\" content=\"2022-12-19T17:04:52+00:00\" \/>\n<meta property=\"og:image\" content=\"https:\/\/www.marketingbrand.de\/wp-content\/uploads\/2021\/01\/Marketing-Brand.png\" \/>\n\t<meta property=\"og:image:width\" content=\"2355\" \/>\n\t<meta property=\"og:image:height\" content=\"640\" \/>\n\t<meta property=\"og:image:type\" content=\"image\/png\" \/>\n<meta name=\"twitter:card\" content=\"summary_large_image\" \/>\n<meta name=\"twitter:label1\" content=\"Est. reading time\" \/>\n\t<meta name=\"twitter:data1\" content=\"2 minutes\" \/>\n<script type=\"application\/ld+json\" class=\"yoast-schema-graph\">{\"@context\":\"https:\\\/\\\/schema.org\",\"@graph\":[{\"@type\":\"WebPage\",\"@id\":\"https:\\\/\\\/www.marketingbrand.de\\\/en\\\/referenz-kaiser-heubach-partner-gbr\\\/\",\"url\":\"https:\\\/\\\/www.marketingbrand.de\\\/en\\\/referenz-kaiser-heubach-partner-gbr\\\/\",\"name\":\"Referenz Kaiser, Heubach & Partner GbR - Marketing-Brand\",\"isPartOf\":{\"@id\":\"https:\\\/\\\/www.marketingbrand.de\\\/#website\"},\"primaryImageOfPage\":{\"@id\":\"https:\\\/\\\/www.marketingbrand.de\\\/en\\\/referenz-kaiser-heubach-partner-gbr\\\/#primaryimage\"},\"image\":{\"@id\":\"https:\\\/\\\/www.marketingbrand.de\\\/en\\\/referenz-kaiser-heubach-partner-gbr\\\/#primaryimage\"},\"thumbnailUrl\":\"https:\\\/\\\/www.marketingbrand.de\\\/wp-content\\\/uploads\\\/2021\\\/01\\\/Marketing-Brand.png\",\"datePublished\":\"2021-11-30T23:17:38+00:00\",\"dateModified\":\"2022-12-19T17:04:52+00:00\",\"description\":\"Wir konnten der KHP GbR innerhalb von nur 1,5 Monaten 2 hoch qualitative Mitarbeiter durch die Optimierungen der Webseite gewinnen.\",\"breadcrumb\":{\"@id\":\"https:\\\/\\\/www.marketingbrand.de\\\/en\\\/referenz-kaiser-heubach-partner-gbr\\\/#breadcrumb\"},\"inLanguage\":\"en-US\",\"potentialAction\":[{\"@type\":\"ReadAction\",\"target\":[\"https:\\\/\\\/www.marketingbrand.de\\\/en\\\/referenz-kaiser-heubach-partner-gbr\\\/\"]}]},{\"@type\":\"ImageObject\",\"inLanguage\":\"en-US\",\"@id\":\"https:\\\/\\\/www.marketingbrand.de\\\/en\\\/referenz-kaiser-heubach-partner-gbr\\\/#primaryimage\",\"url\":\"https:\\\/\\\/www.marketingbrand.de\\\/wp-content\\\/uploads\\\/2021\\\/01\\\/Marketing-Brand.png\",\"contentUrl\":\"https:\\\/\\\/www.marketingbrand.de\\\/wp-content\\\/uploads\\\/2021\\\/01\\\/Marketing-Brand.png\",\"width\":2355,\"height\":640,\"caption\":\"Logo der Firma Marketing-Brand\u00ae\"},{\"@type\":\"BreadcrumbList\",\"@id\":\"https:\\\/\\\/www.marketingbrand.de\\\/en\\\/referenz-kaiser-heubach-partner-gbr\\\/#breadcrumb\",\"itemListElement\":[{\"@type\":\"ListItem\",\"position\":1,\"name\":\"Startseite\",\"item\":\"https:\\\/\\\/www.marketingbrand.de\\\/\"},{\"@type\":\"ListItem\",\"position\":2,\"name\":\"Referenz Kaiser, Heubach &#038; Partner GbR\"}]},{\"@type\":\"WebSite\",\"@id\":\"https:\\\/\\\/www.marketingbrand.de\\\/#website\",\"url\":\"https:\\\/\\\/www.marketingbrand.de\\\/\",\"name\":\"Marketing-Brand\u00ae \u2013 Webdesign &amp; Social Media Agentur aus Pforzheim\",\"description\":\"Webseiten-Optimierung, Social Media Marketing &amp; Content-Strategien f\u00fcr kleine und mittelst\u00e4ndische Unternehmen.\",\"publisher\":{\"@id\":\"https:\\\/\\\/www.marketingbrand.de\\\/#organization\"},\"potentialAction\":[{\"@type\":\"SearchAction\",\"target\":{\"@type\":\"EntryPoint\",\"urlTemplate\":\"https:\\\/\\\/www.marketingbrand.de\\\/?s={search_term_string}\"},\"query-input\":{\"@type\":\"PropertyValueSpecification\",\"valueRequired\":true,\"valueName\":\"search_term_string\"}}],\"inLanguage\":\"en-US\"},{\"@type\":\"Organization\",\"@id\":\"https:\\\/\\\/www.marketingbrand.de\\\/#organization\",\"name\":\"Marketing-Brand\",\"url\":\"https:\\\/\\\/www.marketingbrand.de\\\/\",\"logo\":{\"@type\":\"ImageObject\",\"inLanguage\":\"en-US\",\"@id\":\"https:\\\/\\\/www.marketingbrand.de\\\/#\\\/schema\\\/logo\\\/image\\\/\",\"url\":\"https:\\\/\\\/www.marketingbrand.de\\\/wp-content\\\/uploads\\\/2020\\\/12\\\/Design-ohne-Titel.png\",\"contentUrl\":\"https:\\\/\\\/www.marketingbrand.de\\\/wp-content\\\/uploads\\\/2020\\\/12\\\/Design-ohne-Titel.png\",\"width\":1080,\"height\":1080,\"caption\":\"Marketing-Brand\"},\"image\":{\"@id\":\"https:\\\/\\\/www.marketingbrand.de\\\/#\\\/schema\\\/logo\\\/image\\\/\"},\"sameAs\":[\"https:\\\/\\\/www.facebook.com\\\/marketingbrand.llc\",\"https:\\\/\\\/instagram.com\\\/marketingbrand.llc?igshid=NWRhNmQxMjQ\"]}]}<\/script>\n<!-- \/ Yoast SEO plugin. -->","yoast_head_json":{"title":"Reference Kaiser, Heubach &amp; Partner GbR - Marketing Brand","description":"We were able to provide KHP GbR with 2 high quality employees within only 1.5 months by optimizing the website.","robots":{"index":"index","follow":"follow","max-snippet":"max-snippet:-1","max-image-preview":"max-image-preview:large","max-video-preview":"max-video-preview:-1"},"canonical":"https:\/\/www.marketingbrand.de\/en\/referenz-kaiser-heubach-partner-gbr\/","og_locale":"en_US","og_type":"article","og_title":"Referenz Kaiser, Heubach & Partner GbR - Marketing-Brand","og_description":"Wir konnten der KHP GbR innerhalb von nur 1,5 Monaten 2 hoch qualitative Mitarbeiter durch die Optimierungen der Webseite gewinnen.","og_url":"https:\/\/www.marketingbrand.de\/en\/referenz-kaiser-heubach-partner-gbr\/","og_site_name":"Marketing-Brand\u00ae \u2013 Webdesign &amp; Social Media Agentur aus Pforzheim","article_publisher":"https:\/\/www.facebook.com\/marketingbrand.llc","article_modified_time":"2022-12-19T17:04:52+00:00","og_image":[{"width":2355,"height":640,"url":"https:\/\/www.marketingbrand.de\/wp-content\/uploads\/2021\/01\/Marketing-Brand.png","type":"image\/png"}],"twitter_card":"summary_large_image","twitter_misc":{"Est. reading time":"2 minutes"},"schema":{"@context":"https:\/\/schema.org","@graph":[{"@type":"WebPage","@id":"https:\/\/www.marketingbrand.de\/en\/referenz-kaiser-heubach-partner-gbr\/","url":"https:\/\/www.marketingbrand.de\/en\/referenz-kaiser-heubach-partner-gbr\/","name":"Reference Kaiser, Heubach &amp; Partner GbR - Marketing Brand","isPartOf":{"@id":"https:\/\/www.marketingbrand.de\/#website"},"primaryImageOfPage":{"@id":"https:\/\/www.marketingbrand.de\/en\/referenz-kaiser-heubach-partner-gbr\/#primaryimage"},"image":{"@id":"https:\/\/www.marketingbrand.de\/en\/referenz-kaiser-heubach-partner-gbr\/#primaryimage"},"thumbnailUrl":"https:\/\/www.marketingbrand.de\/wp-content\/uploads\/2021\/01\/Marketing-Brand.png","datePublished":"2021-11-30T23:17:38+00:00","dateModified":"2022-12-19T17:04:52+00:00","description":"We were able to provide KHP GbR with 2 high quality employees within only 1.5 months by optimizing the website.","breadcrumb":{"@id":"https:\/\/www.marketingbrand.de\/en\/referenz-kaiser-heubach-partner-gbr\/#breadcrumb"},"inLanguage":"en-US","potentialAction":[{"@type":"ReadAction","target":["https:\/\/www.marketingbrand.de\/en\/referenz-kaiser-heubach-partner-gbr\/"]}]},{"@type":"ImageObject","inLanguage":"en-US","@id":"https:\/\/www.marketingbrand.de\/en\/referenz-kaiser-heubach-partner-gbr\/#primaryimage","url":"https:\/\/www.marketingbrand.de\/wp-content\/uploads\/2021\/01\/Marketing-Brand.png","contentUrl":"https:\/\/www.marketingbrand.de\/wp-content\/uploads\/2021\/01\/Marketing-Brand.png","width":2355,"height":640,"caption":"Logo der Firma Marketing-Brand\u00ae"},{"@type":"BreadcrumbList","@id":"https:\/\/www.marketingbrand.de\/en\/referenz-kaiser-heubach-partner-gbr\/#breadcrumb","itemListElement":[{"@type":"ListItem","position":1,"name":"Startseite","item":"https:\/\/www.marketingbrand.de\/"},{"@type":"ListItem","position":2,"name":"Referenz Kaiser, Heubach &#038; Partner GbR"}]},{"@type":"WebSite","@id":"https:\/\/www.marketingbrand.de\/#website","url":"https:\/\/www.marketingbrand.de\/","name":"Marketing-Brand\u00ae - Webdesign &amp; Social Media Agency from Pforzheim","description":"Website optimization, social media marketing &amp; content strategies for small and medium-sized companies.","publisher":{"@id":"https:\/\/www.marketingbrand.de\/#organization"},"potentialAction":[{"@type":"SearchAction","target":{"@type":"EntryPoint","urlTemplate":"https:\/\/www.marketingbrand.de\/?s={search_term_string}"},"query-input":{"@type":"PropertyValueSpecification","valueRequired":true,"valueName":"search_term_string"}}],"inLanguage":"en-US"},{"@type":"Organization","@id":"https:\/\/www.marketingbrand.de\/#organization","name":"Marketing Brand","url":"https:\/\/www.marketingbrand.de\/","logo":{"@type":"ImageObject","inLanguage":"en-US","@id":"https:\/\/www.marketingbrand.de\/#\/schema\/logo\/image\/","url":"https:\/\/www.marketingbrand.de\/wp-content\/uploads\/2020\/12\/Design-ohne-Titel.png","contentUrl":"https:\/\/www.marketingbrand.de\/wp-content\/uploads\/2020\/12\/Design-ohne-Titel.png","width":1080,"height":1080,"caption":"Marketing-Brand"},"image":{"@id":"https:\/\/www.marketingbrand.de\/#\/schema\/logo\/image\/"},"sameAs":["https:\/\/www.facebook.com\/marketingbrand.llc","https:\/\/instagram.com\/marketingbrand.llc?igshid=NWRhNmQxMjQ"]}]}},"_links":{"self":[{"href":"https:\/\/www.marketingbrand.de\/en\/wp-json\/wp\/v2\/pages\/6510","targetHints":{"allow":["GET"]}}],"collection":[{"href":"https:\/\/www.marketingbrand.de\/en\/wp-json\/wp\/v2\/pages"}],"about":[{"href":"https:\/\/www.marketingbrand.de\/en\/wp-json\/wp\/v2\/types\/page"}],"author":[{"embeddable":true,"href":"https:\/\/www.marketingbrand.de\/en\/wp-json\/wp\/v2\/users\/1"}],"replies":[{"embeddable":true,"href":"https:\/\/www.marketingbrand.de\/en\/wp-json\/wp\/v2\/comments?post=6510"}],"version-history":[{"count":0,"href":"https:\/\/www.marketingbrand.de\/en\/wp-json\/wp\/v2\/pages\/6510\/revisions"}],"wp:featuredmedia":[{"embeddable":true,"href":"https:\/\/www.marketingbrand.de\/en\/wp-json\/wp\/v2\/media\/3983"}],"wp:attachment":[{"href":"https:\/\/www.marketingbrand.de\/en\/wp-json\/wp\/v2\/media?parent=6510"}],"curies":[{"name":"wp","href":"https:\/\/api.w.org\/{rel}","templated":true}]}}