{"id":14417,"date":"2026-04-24T14:55:19","date_gmt":"2026-04-24T12:55:19","guid":{"rendered":"https:\/\/www.marketingbrand.de\/?page_id=14417"},"modified":"2026-04-24T15:34:11","modified_gmt":"2026-04-24T13:34:11","slug":"referenz-team-vogel-thaiboxen","status":"publish","type":"page","link":"https:\/\/www.marketingbrand.de\/en\/referenz-team-vogel-thaiboxen\/","title":{"rendered":"Reference Team Vogel Muay Thai"},"content":{"rendered":"<div data-elementor-type=\"wp-page\" data-elementor-id=\"14417\" class=\"elementor elementor-14417\" data-elementor-post-type=\"page\">\n\t\t\t\t<div data-particle_enable=\"false\" data-particle-mobile-disabled=\"false\" class=\"elementor-element elementor-element-8bdbc94 e-flex e-con-boxed e-con e-parent\" data-id=\"8bdbc94\" data-element_type=\"container\" data-e-type=\"container\" data-settings=\"{&quot;background_background&quot;:&quot;classic&quot;}\">\n\t\t\t\t\t<div class=\"e-con-inner\">\n\t\t<div data-particle_enable=\"false\" data-particle-mobile-disabled=\"false\" class=\"elementor-element elementor-element-c54fc47 e-con-full e-flex elementor-invisible e-con e-child\" data-id=\"c54fc47\" data-element_type=\"container\" data-e-type=\"container\" data-settings=\"{&quot;animation&quot;:&quot;slideInLeft&quot;}\">\n\t\t\t\t<div class=\"elementor-element elementor-element-2896407 elementor-invisible elementor-widget elementor-widget-heading\" data-id=\"2896407\" data-element_type=\"widget\" data-e-type=\"widget\" data-settings=\"{&quot;_animation&quot;:&quot;fadeInLeft&quot;}\" data-widget_type=\"heading.default\">\n\t\t\t\t<div class=\"elementor-widget-container\">\n\t\t\t\t\t<h2 class=\"elementor-heading-title elementor-size-default\">\u201eCreate a Combat School Website: More Members for Team Vogel\u201c<\/h2>\t\t\t\t<\/div>\n\t\t\t\t<\/div>\n\t\t\t\t<div class=\"elementor-element elementor-element-23b2e69 elementor-invisible elementor-widget elementor-widget-heading\" data-id=\"23b2e69\" data-element_type=\"widget\" data-e-type=\"widget\" data-settings=\"{&quot;_animation&quot;:&quot;fadeInLeft&quot;}\" data-widget_type=\"heading.default\">\n\t\t\t\t<div class=\"elementor-widget-container\">\n\t\t\t\t\t<h2 class=\"elementor-heading-title elementor-size-default\">March 31, 2024<\/h2>\t\t\t\t<\/div>\n\t\t\t\t<\/div>\n\t\t\t\t<div class=\"elementor-element elementor-element-c2fd682 elementor-align-left elementor-mobile-align-justify animated-slow elementor-invisible elementor-widget elementor-widget-button\" data-id=\"c2fd682\" data-element_type=\"widget\" data-e-type=\"widget\" data-settings=\"{&quot;_animation_mobile&quot;:&quot;fadeInUp&quot;,&quot;_animation&quot;:&quot;fadeInLeft&quot;}\" data-widget_type=\"button.default\">\n\t\t\t\t<div class=\"elementor-widget-container\">\n\t\t\t\t\t\t\t\t\t<div class=\"elementor-button-wrapper\">\n\t\t\t\t\t<a class=\"elementor-button elementor-button-link elementor-size-md\" href=\"https:\/\/www.teamvogel.de\" target=\"_blank\">\n\t\t\t\t\t\t<span class=\"elementor-button-content-wrapper\">\n\t\t\t\t\t\t<span class=\"elementor-button-icon\">\n\t\t\t\t<i aria-hidden=\"true\" class=\"fas fa-link\"><\/i>\t\t\t<\/span>\n\t\t\t\t\t\t\t\t\t<span class=\"elementor-button-text\">Visit Site<\/span>\n\t\t\t\t\t<\/span>\n\t\t\t\t\t<\/a>\n\t\t\t\t<\/div>\n\t\t\t\t\t\t\t\t<\/div>\n\t\t\t\t<\/div>\n\t\t\t\t<\/div>\n\t\t<div data-particle_enable=\"false\" data-particle-mobile-disabled=\"false\" class=\"elementor-element elementor-element-db549c8 e-con-full e-flex e-con e-child\" data-id=\"db549c8\" data-element_type=\"container\" data-e-type=\"container\">\n\t\t\t\t<div class=\"elementor-element elementor-element-26ce8bb elementor-invisible elementor-widget elementor-widget-image\" data-id=\"26ce8bb\" data-element_type=\"widget\" data-e-type=\"widget\" data-settings=\"{&quot;_animation&quot;:&quot;slideInRight&quot;}\" data-widget_type=\"image.default\">\n\t\t\t\t<div class=\"elementor-widget-container\">\n\t\t\t\t\t\t\t\t\t\t\t\t\t\t\t\t<a href=\"https:\/\/www.teamvogel.de\" target=\"_blank\">\n\t\t\t\t\t\t\t<img fetchpriority=\"high\" decoding=\"async\" width=\"2560\" height=\"1920\" src=\"https:\/\/www.marketingbrand.de\/wp-content\/uploads\/2026\/04\/MB-Referenz-Unterseiten-Team-Vogel-Thaiboxen.jpg\" class=\"attachment-full size-full wp-image-14419\" alt=\"\" srcset=\"https:\/\/www.marketingbrand.de\/wp-content\/uploads\/2026\/04\/MB-Referenz-Unterseiten-Team-Vogel-Thaiboxen.jpg 2560w, https:\/\/www.marketingbrand.de\/wp-content\/uploads\/2026\/04\/MB-Referenz-Unterseiten-Team-Vogel-Thaiboxen-300x225.jpg 300w, https:\/\/www.marketingbrand.de\/wp-content\/uploads\/2026\/04\/MB-Referenz-Unterseiten-Team-Vogel-Thaiboxen-1024x768.jpg 1024w, https:\/\/www.marketingbrand.de\/wp-content\/uploads\/2026\/04\/MB-Referenz-Unterseiten-Team-Vogel-Thaiboxen-768x576.jpg 768w, https:\/\/www.marketingbrand.de\/wp-content\/uploads\/2026\/04\/MB-Referenz-Unterseiten-Team-Vogel-Thaiboxen-1536x1152.jpg 1536w, https:\/\/www.marketingbrand.de\/wp-content\/uploads\/2026\/04\/MB-Referenz-Unterseiten-Team-Vogel-Thaiboxen-2048x1536.jpg 2048w, https:\/\/www.marketingbrand.de\/wp-content\/uploads\/2026\/04\/MB-Referenz-Unterseiten-Team-Vogel-Thaiboxen-16x12.jpg 16w, https:\/\/www.marketingbrand.de\/wp-content\/uploads\/2026\/04\/MB-Referenz-Unterseiten-Team-Vogel-Thaiboxen-67x50.jpg 67w\" sizes=\"(max-width: 2560px) 100vw, 2560px\" \/>\t\t\t\t\t\t\t\t<\/a>\n\t\t\t\t\t\t\t\t\t\t\t\t\t\t\t<\/div>\n\t\t\t\t<\/div>\n\t\t\t\t<\/div>\n\t\t\t\t\t<\/div>\n\t\t\t\t<\/div>\n\t\t<div data-particle_enable=\"false\" data-particle-mobile-disabled=\"false\" class=\"elementor-element elementor-element-5b47054 e-flex e-con-boxed e-con e-parent\" data-id=\"5b47054\" data-element_type=\"container\" data-e-type=\"container\">\n\t\t\t\t\t<div class=\"e-con-inner\">\n\t\t<div data-particle_enable=\"false\" data-particle-mobile-disabled=\"false\" class=\"elementor-element elementor-element-9240f82 e-con-full e-flex e-con e-child\" data-id=\"9240f82\" data-element_type=\"container\" data-e-type=\"container\">\n\t\t\t\t<div class=\"elementor-element elementor-element-81f32f1 elementor-widget__width-inherit elementor-invisible elementor-widget elementor-widget-heading\" data-id=\"81f32f1\" data-element_type=\"widget\" data-e-type=\"widget\" data-settings=\"{&quot;_animation&quot;:&quot;slideInUp&quot;}\" data-widget_type=\"heading.default\">\n\t\t\t\t<div class=\"elementor-widget-container\">\n\t\t\t\t\t<h2 class=\"elementor-heading-title elementor-size-default\">Our service<\/h2>\t\t\t\t<\/div>\n\t\t\t\t<\/div>\n\t\t\t\t<div class=\"elementor-element elementor-element-3959c9f elementor-widget__width-initial elementor-widget-tablet__width-inherit elementor-invisible elementor-widget elementor-widget-heading\" data-id=\"3959c9f\" data-element_type=\"widget\" data-e-type=\"widget\" data-settings=\"{&quot;_animation&quot;:&quot;slideInUp&quot;}\" data-widget_type=\"heading.default\">\n\t\t\t\t<div class=\"elementor-widget-container\">\n\t\t\t\t\t<h2 class=\"elementor-heading-title elementor-size-default\">For your web presence<\/h2>\t\t\t\t<\/div>\n\t\t\t\t<\/div>\n\t\t\t\t<div class=\"elementor-element elementor-element-98339cc elementor-widget__width-initial elementor-widget-tablet__width-inherit elementor-invisible elementor-widget elementor-widget-text-editor\" data-id=\"98339cc\" data-element_type=\"widget\" data-e-type=\"widget\" data-settings=\"{&quot;_animation&quot;:&quot;fadeInRight&quot;}\" data-widget_type=\"text-editor.default\">\n\t\t\t\t<div class=\"elementor-widget-container\">\n\t\t\t\t\t\t\t\t\t<p data-start=\"229\" data-end=\"400\">Creating the website for the Team Vogel martial arts school means developing a professional presence that builds trust and specifically attracts new members.<\/p><p data-start=\"903\" data-end=\"1141\">Waldemar Mark Vogel, multiple-time world champion in Muay Thai, offers various training groups for different age groups and skill levels. The goal was to present these offerings clearly and to directly appeal to interested individuals.<\/p><p data-start=\"1143\" data-end=\"1438\">A clear structure, modern design, and intuitive user guidance ensure that visitors can quickly find suitable training programs. At the same time, the website conveys the quality of the training, building trust and making it easier for interested parties to decide to register.<\/p><p data-start=\"1440\" data-end=\"1626\">Additionally, we have produced an online course and integrated it via a dedicated landing page. Visitors can access it directly through the website and train flexibly in a digital environment.<\/p><p data-start=\"1628\" data-end=\"1786\">The new website reaches more people, increases visibility, and continuously brings in new members as well as additional sales through the online course.<\/p>\t\t\t\t\t\t\t\t<\/div>\n\t\t\t\t<\/div>\n\t\t<div data-particle_enable=\"false\" data-particle-mobile-disabled=\"false\" class=\"elementor-element elementor-element-dc3163a e-con-full e-flex e-con e-child\" data-id=\"dc3163a\" data-element_type=\"container\" data-e-type=\"container\">\n\t\t<div data-particle_enable=\"false\" data-particle-mobile-disabled=\"false\" class=\"elementor-element elementor-element-9c2b85a e-con-full e-flex elementor-invisible e-con e-child\" data-id=\"9c2b85a\" data-element_type=\"container\" data-e-type=\"container\" data-settings=\"{&quot;background_background&quot;:&quot;gradient&quot;,&quot;animation&quot;:&quot;fadeInUp&quot;}\">\n\t\t\t\t<div class=\"elementor-element elementor-element-2a70d5d elementor-cta--valign-middle elementor-cta--skin-classic elementor-animated-content elementor-bg-transform elementor-bg-transform-zoom-in elementor-widget elementor-widget-call-to-action\" data-id=\"2a70d5d\" data-element_type=\"widget\" data-e-type=\"widget\" data-widget_type=\"call-to-action.default\">\n\t\t\t\t<div class=\"elementor-widget-container\">\n\t\t\t\t\t\t\t<div class=\"elementor-cta\">\n\t\t\t\t\t\t\t<div class=\"elementor-cta__content\">\n\t\t\t\t\n\t\t\t\t\t\t\t\t\t<h2 class=\"elementor-cta__title elementor-cta__content-item elementor-content-item\">\n\t\t\t\t\t\tOnline presence\t\t\t\t\t<\/h2>\n\t\t\t\t\n\t\t\t\t\t\t\t\t\t<div class=\"elementor-cta__description elementor-cta__content-item elementor-content-item\">\n\t\t\t\t\t\tThe website is clearly structured and well-organized, so visitors can immediately understand the training offers. The content clearly conveys the services and presents the martial arts school professionally.\t\t\t\t\t<\/div>\n\t\t\t\t\n\t\t\t\t\t\t\t<\/div>\n\t\t\t\t\t\t<\/div>\n\t\t\t\t\t\t<\/div>\n\t\t\t\t<\/div>\n\t\t\t\t<\/div>\n\t\t<div data-particle_enable=\"false\" data-particle-mobile-disabled=\"false\" class=\"elementor-element elementor-element-5061ef9 e-con-full e-flex elementor-invisible e-con e-child\" data-id=\"5061ef9\" data-element_type=\"container\" data-e-type=\"container\" data-settings=\"{&quot;background_background&quot;:&quot;gradient&quot;,&quot;animation&quot;:&quot;fadeInUp&quot;}\">\n\t\t\t\t<div class=\"elementor-element elementor-element-50283df elementor-cta--valign-middle elementor-cta--skin-classic elementor-animated-content elementor-bg-transform elementor-bg-transform-zoom-in elementor-widget elementor-widget-call-to-action\" data-id=\"50283df\" data-element_type=\"widget\" data-e-type=\"widget\" data-widget_type=\"call-to-action.default\">\n\t\t\t\t<div class=\"elementor-widget-container\">\n\t\t\t\t\t\t\t<div class=\"elementor-cta\">\n\t\t\t\t\t\t\t<div class=\"elementor-cta__content\">\n\t\t\t\t\n\t\t\t\t\t\t\t\t\t<h2 class=\"elementor-cta__title elementor-cta__content-item elementor-content-item\">\n\t\t\t\t\t\tMobile UX\t\t\t\t\t<\/h2>\n\t\t\t\t\n\t\t\t\t\t\t\t\t\t<div class=\"elementor-cta__description elementor-cta__content-item elementor-content-item\">\n\t\t\t\t\t\tThe website loads quickly on mobile devices and displays all content clearly, making it easy for users to find their way around immediately. Potential customers can easily access training offers and the online course at any time.\t\t\t\t\t<\/div>\n\t\t\t\t\n\t\t\t\t\t\t\t<\/div>\n\t\t\t\t\t\t<\/div>\n\t\t\t\t\t\t<\/div>\n\t\t\t\t<\/div>\n\t\t\t\t<\/div>\n\t\t<div data-particle_enable=\"false\" data-particle-mobile-disabled=\"false\" class=\"elementor-element elementor-element-4d9aef6 e-con-full e-flex elementor-invisible e-con e-child\" data-id=\"4d9aef6\" data-element_type=\"container\" data-e-type=\"container\" data-settings=\"{&quot;background_background&quot;:&quot;gradient&quot;,&quot;animation&quot;:&quot;fadeInUp&quot;}\">\n\t\t\t\t<div class=\"elementor-element elementor-element-c7bdbc7 elementor-cta--valign-middle elementor-cta--skin-classic elementor-animated-content elementor-bg-transform elementor-bg-transform-zoom-in elementor-widget elementor-widget-call-to-action\" data-id=\"c7bdbc7\" data-element_type=\"widget\" data-e-type=\"widget\" data-widget_type=\"call-to-action.default\">\n\t\t\t\t<div class=\"elementor-widget-container\">\n\t\t\t\t\t\t\t<div class=\"elementor-cta\">\n\t\t\t\t\t\t\t<div class=\"elementor-cta__content\">\n\t\t\t\t\n\t\t\t\t\t\t\t\t\t<h2 class=\"elementor-cta__title elementor-cta__content-item elementor-content-item\">\n\t\t\t\t\t\tConversion boost\t\t\t\t\t<\/h2>\n\t\t\t\t\n\t\t\t\t\t\t\t\t\t<div class=\"elementor-cta__description elementor-cta__content-item elementor-content-item\">\n\t\t\t\t\t\tThe website clearly guides visitors through the content and shows them the next steps, allowing them to take action quickly. This leads to more inquiries, new members, and additional sales through the online course.\t\t\t\t\t<\/div>\n\t\t\t\t\n\t\t\t\t\t\t\t<\/div>\n\t\t\t\t\t\t<\/div>\n\t\t\t\t\t\t<\/div>\n\t\t\t\t<\/div>\n\t\t\t\t<\/div>\n\t\t\t\t<\/div>\n\t\t\t\t<\/div>\n\t\t\t\t\t<\/div>\n\t\t\t\t<\/div>\n\t\t<div data-particle_enable=\"false\" data-particle-mobile-disabled=\"false\" class=\"elementor-element elementor-element-c272d0c e-flex e-con-boxed e-con e-parent\" data-id=\"c272d0c\" data-element_type=\"container\" data-e-type=\"container\">\n\t\t\t\t\t<div class=\"e-con-inner\">\n\t\t\t\t<div class=\"elementor-element elementor-element-699248d elementor-invisible elementor-widget elementor-widget-text-editor\" data-id=\"699248d\" data-element_type=\"widget\" data-e-type=\"widget\" data-settings=\"{&quot;_animation&quot;:&quot;fadeInUp&quot;}\" data-widget_type=\"text-editor.default\">\n\t\t\t\t<div class=\"elementor-widget-container\">\n\t\t\t\t\t\t\t\t\t<p data-start=\"2649\" data-end=\"2786\">A professional online presence that builds trust, attracts new members, and generates additional revenue through digital offerings.<\/p>\t\t\t\t\t\t\t\t<\/div>\n\t\t\t\t<\/div>\n\t\t\t\t<div class=\"elementor-element elementor-element-ab651a6 elementor-align-left elementor-mobile-align-center elementor-widget elementor-widget-global elementor-global-12679 elementor-widget-button\" data-id=\"ab651a6\" data-element_type=\"widget\" data-e-type=\"widget\" data-settings=\"{&quot;_animation_mobile&quot;:&quot;fadeInUp&quot;}\" data-widget_type=\"button.default\">\n\t\t\t\t<div class=\"elementor-widget-container\">\n\t\t\t\t\t\t\t\t\t<div class=\"elementor-button-wrapper\">\n\t\t\t\t\t<a class=\"elementor-button elementor-button-link elementor-size-md elementor-animation-float\" href=\"#elementor-action%3Aaction%3Dpopup%3Aopen%26settings%3DeyJpZCI6IjYwMTMiLCJ0b2dnbGUiOmZhbHNlfQ%3D%3D\">\n\t\t\t\t\t\t<span class=\"elementor-button-content-wrapper\">\n\t\t\t\t\t\t\t\t\t<span class=\"elementor-button-text\">Arrange initial meeting now<\/span>\n\t\t\t\t\t<\/span>\n\t\t\t\t\t<\/a>\n\t\t\t\t<\/div>\n\t\t\t\t\t\t\t\t<\/div>\n\t\t\t\t<\/div>\n\t\t\t\t\t<\/div>\n\t\t\t\t<\/div>\n\t\t\t\t<\/div>","protected":false},"excerpt":{"rendered":"<p>\u201eKampfschule Webseite erstellen: Mehr Mitglieder f\u00fcr Team Vogel\u201c 31. M\u00e4rz 2024 Webseite besuchen Unser Service F\u00fcr deinen Web-Auftritt Die Webseite f\u00fcr die Kampfsportschule Team Vogel zu erstellen, bedeutet, einen professionellen Auftritt zu entwickeln, der Vertrauen schafft und gezielt neue Mitglieder anspricht. Waldemar Mark Vogel, mehrfacher Weltmeister im Thaiboxen, bietet verschiedene Trainingsgruppen f\u00fcr unterschiedliche Altersklassen und [&hellip;]<\/p>\n","protected":false},"author":1,"featured_media":0,"parent":0,"menu_order":0,"comment_status":"closed","ping_status":"closed","template":"","meta":{"footnotes":""},"class_list":["post-14417","page","type-page","status-publish","hentry"],"yoast_head":"<!-- This site is optimized with the Yoast SEO plugin v27.4 - https:\/\/yoast.com\/product\/yoast-seo-wordpress\/ -->\n<title>Kampfschule Webseite erstellen \u2013 Mehr Mitglieder &amp; Kursverk\u00e4ufe<\/title>\n<meta name=\"description\" content=\"Kampfschule Webseite erstellen: Mehr Mitglieder durch klare Struktur, modernes Design und zus\u00e4tzliche Verk\u00e4ufe \u00fcber Online-Kurse.\" \/>\n<meta name=\"robots\" content=\"index, follow, max-snippet:-1, max-image-preview:large, max-video-preview:-1\" \/>\n<link rel=\"canonical\" href=\"https:\/\/www.marketingbrand.de\/en\/referenz-team-vogel-thaiboxen\/\" \/>\n<meta property=\"og:locale\" content=\"en_US\" \/>\n<meta property=\"og:type\" content=\"article\" \/>\n<meta property=\"og:title\" content=\"Kampfschule Webseite erstellen \u2013 Mehr Mitglieder &amp; Kursverk\u00e4ufe\" \/>\n<meta property=\"og:description\" content=\"Kampfschule Webseite erstellen: Mehr Mitglieder durch klare Struktur, modernes Design und zus\u00e4tzliche Verk\u00e4ufe \u00fcber Online-Kurse.\" \/>\n<meta property=\"og:url\" content=\"https:\/\/www.marketingbrand.de\/en\/referenz-team-vogel-thaiboxen\/\" \/>\n<meta property=\"og:site_name\" content=\"Marketing-Brand\u00ae \u2013 Webdesign &amp; Social Media Agentur aus Pforzheim\" \/>\n<meta property=\"article:publisher\" content=\"https:\/\/www.facebook.com\/marketingbrand.llc\" \/>\n<meta property=\"article:modified_time\" content=\"2026-04-24T13:34:11+00:00\" \/>\n<meta property=\"og:image\" content=\"https:\/\/www.marketingbrand.de\/wp-content\/uploads\/2026\/04\/MB-Referenz-Unterseiten-Team-Vogel-Thaiboxen.jpg\" \/>\n\t<meta property=\"og:image:width\" content=\"2560\" \/>\n\t<meta property=\"og:image:height\" content=\"1920\" \/>\n\t<meta property=\"og:image:type\" content=\"image\/jpeg\" \/>\n<meta name=\"twitter:card\" content=\"summary_large_image\" \/>\n<meta name=\"twitter:label1\" content=\"Est. reading time\" \/>\n\t<meta name=\"twitter:data1\" content=\"2 minutes\" \/>\n<script type=\"application\/ld+json\" class=\"yoast-schema-graph\">{\"@context\":\"https:\\\/\\\/schema.org\",\"@graph\":[{\"@type\":\"WebPage\",\"@id\":\"https:\\\/\\\/www.marketingbrand.de\\\/referenz-team-vogel-thaiboxen\\\/\",\"url\":\"https:\\\/\\\/www.marketingbrand.de\\\/referenz-team-vogel-thaiboxen\\\/\",\"name\":\"Kampfschule Webseite erstellen \u2013 Mehr Mitglieder & Kursverk\u00e4ufe\",\"isPartOf\":{\"@id\":\"https:\\\/\\\/www.marketingbrand.de\\\/#website\"},\"primaryImageOfPage\":{\"@id\":\"https:\\\/\\\/www.marketingbrand.de\\\/referenz-team-vogel-thaiboxen\\\/#primaryimage\"},\"image\":{\"@id\":\"https:\\\/\\\/www.marketingbrand.de\\\/referenz-team-vogel-thaiboxen\\\/#primaryimage\"},\"thumbnailUrl\":\"https:\\\/\\\/www.marketingbrand.de\\\/wp-content\\\/uploads\\\/2026\\\/04\\\/MB-Referenz-Unterseiten-Team-Vogel-Thaiboxen.jpg\",\"datePublished\":\"2026-04-24T12:55:19+00:00\",\"dateModified\":\"2026-04-24T13:34:11+00:00\",\"description\":\"Kampfschule Webseite erstellen: Mehr Mitglieder durch klare Struktur, modernes Design und zus\u00e4tzliche Verk\u00e4ufe \u00fcber Online-Kurse.\",\"breadcrumb\":{\"@id\":\"https:\\\/\\\/www.marketingbrand.de\\\/referenz-team-vogel-thaiboxen\\\/#breadcrumb\"},\"inLanguage\":\"en-US\",\"potentialAction\":[{\"@type\":\"ReadAction\",\"target\":[\"https:\\\/\\\/www.marketingbrand.de\\\/referenz-team-vogel-thaiboxen\\\/\"]}]},{\"@type\":\"ImageObject\",\"inLanguage\":\"en-US\",\"@id\":\"https:\\\/\\\/www.marketingbrand.de\\\/referenz-team-vogel-thaiboxen\\\/#primaryimage\",\"url\":\"https:\\\/\\\/www.marketingbrand.de\\\/wp-content\\\/uploads\\\/2026\\\/04\\\/MB-Referenz-Unterseiten-Team-Vogel-Thaiboxen.jpg\",\"contentUrl\":\"https:\\\/\\\/www.marketingbrand.de\\\/wp-content\\\/uploads\\\/2026\\\/04\\\/MB-Referenz-Unterseiten-Team-Vogel-Thaiboxen.jpg\"},{\"@type\":\"BreadcrumbList\",\"@id\":\"https:\\\/\\\/www.marketingbrand.de\\\/referenz-team-vogel-thaiboxen\\\/#breadcrumb\",\"itemListElement\":[{\"@type\":\"ListItem\",\"position\":1,\"name\":\"Startseite\",\"item\":\"https:\\\/\\\/www.marketingbrand.de\\\/\"},{\"@type\":\"ListItem\",\"position\":2,\"name\":\"Referenz Team Vogel Thaiboxen\"}]},{\"@type\":\"WebSite\",\"@id\":\"https:\\\/\\\/www.marketingbrand.de\\\/#website\",\"url\":\"https:\\\/\\\/www.marketingbrand.de\\\/\",\"name\":\"Marketing-Brand\u00ae \u2013 Webdesign &amp; Social Media Agentur aus Pforzheim\",\"description\":\"Webseiten-Optimierung, Social Media Marketing &amp; Content-Strategien f\u00fcr kleine und mittelst\u00e4ndische Unternehmen.\",\"publisher\":{\"@id\":\"https:\\\/\\\/www.marketingbrand.de\\\/#organization\"},\"potentialAction\":[{\"@type\":\"SearchAction\",\"target\":{\"@type\":\"EntryPoint\",\"urlTemplate\":\"https:\\\/\\\/www.marketingbrand.de\\\/?s={search_term_string}\"},\"query-input\":{\"@type\":\"PropertyValueSpecification\",\"valueRequired\":true,\"valueName\":\"search_term_string\"}}],\"inLanguage\":\"en-US\"},{\"@type\":\"Organization\",\"@id\":\"https:\\\/\\\/www.marketingbrand.de\\\/#organization\",\"name\":\"Marketing-Brand\",\"url\":\"https:\\\/\\\/www.marketingbrand.de\\\/\",\"logo\":{\"@type\":\"ImageObject\",\"inLanguage\":\"en-US\",\"@id\":\"https:\\\/\\\/www.marketingbrand.de\\\/#\\\/schema\\\/logo\\\/image\\\/\",\"url\":\"https:\\\/\\\/www.marketingbrand.de\\\/wp-content\\\/uploads\\\/2020\\\/12\\\/Design-ohne-Titel.png\",\"contentUrl\":\"https:\\\/\\\/www.marketingbrand.de\\\/wp-content\\\/uploads\\\/2020\\\/12\\\/Design-ohne-Titel.png\",\"width\":1080,\"height\":1080,\"caption\":\"Marketing-Brand\"},\"image\":{\"@id\":\"https:\\\/\\\/www.marketingbrand.de\\\/#\\\/schema\\\/logo\\\/image\\\/\"},\"sameAs\":[\"https:\\\/\\\/www.facebook.com\\\/marketingbrand.llc\",\"https:\\\/\\\/instagram.com\\\/marketingbrand.llc?igshid=NWRhNmQxMjQ\"]}]}<\/script>\n<!-- \/ Yoast SEO plugin. -->","yoast_head_json":{"title":"Create a Martial Arts School Website - More Members &amp; Course Sales","description":"Create a Martial Arts School Website: More Members through Clear Structure, Modern Design, and Additional Sales via Online Courses.","robots":{"index":"index","follow":"follow","max-snippet":"max-snippet:-1","max-image-preview":"max-image-preview:large","max-video-preview":"max-video-preview:-1"},"canonical":"https:\/\/www.marketingbrand.de\/en\/referenz-team-vogel-thaiboxen\/","og_locale":"en_US","og_type":"article","og_title":"Kampfschule Webseite erstellen \u2013 Mehr Mitglieder & Kursverk\u00e4ufe","og_description":"Kampfschule Webseite erstellen: Mehr Mitglieder durch klare Struktur, modernes Design und zus\u00e4tzliche Verk\u00e4ufe \u00fcber Online-Kurse.","og_url":"https:\/\/www.marketingbrand.de\/en\/referenz-team-vogel-thaiboxen\/","og_site_name":"Marketing-Brand\u00ae \u2013 Webdesign &amp; Social Media Agentur aus Pforzheim","article_publisher":"https:\/\/www.facebook.com\/marketingbrand.llc","article_modified_time":"2026-04-24T13:34:11+00:00","og_image":[{"width":2560,"height":1920,"url":"https:\/\/www.marketingbrand.de\/wp-content\/uploads\/2026\/04\/MB-Referenz-Unterseiten-Team-Vogel-Thaiboxen.jpg","type":"image\/jpeg"}],"twitter_card":"summary_large_image","twitter_misc":{"Est. reading time":"2 minutes"},"schema":{"@context":"https:\/\/schema.org","@graph":[{"@type":"WebPage","@id":"https:\/\/www.marketingbrand.de\/referenz-team-vogel-thaiboxen\/","url":"https:\/\/www.marketingbrand.de\/referenz-team-vogel-thaiboxen\/","name":"Create a Martial Arts School Website - More Members &amp; Course Sales","isPartOf":{"@id":"https:\/\/www.marketingbrand.de\/#website"},"primaryImageOfPage":{"@id":"https:\/\/www.marketingbrand.de\/referenz-team-vogel-thaiboxen\/#primaryimage"},"image":{"@id":"https:\/\/www.marketingbrand.de\/referenz-team-vogel-thaiboxen\/#primaryimage"},"thumbnailUrl":"https:\/\/www.marketingbrand.de\/wp-content\/uploads\/2026\/04\/MB-Referenz-Unterseiten-Team-Vogel-Thaiboxen.jpg","datePublished":"2026-04-24T12:55:19+00:00","dateModified":"2026-04-24T13:34:11+00:00","description":"Create a Martial Arts School Website: More Members through Clear Structure, Modern Design, and Additional Sales via Online Courses.","breadcrumb":{"@id":"https:\/\/www.marketingbrand.de\/referenz-team-vogel-thaiboxen\/#breadcrumb"},"inLanguage":"en-US","potentialAction":[{"@type":"ReadAction","target":["https:\/\/www.marketingbrand.de\/referenz-team-vogel-thaiboxen\/"]}]},{"@type":"ImageObject","inLanguage":"en-US","@id":"https:\/\/www.marketingbrand.de\/referenz-team-vogel-thaiboxen\/#primaryimage","url":"https:\/\/www.marketingbrand.de\/wp-content\/uploads\/2026\/04\/MB-Referenz-Unterseiten-Team-Vogel-Thaiboxen.jpg","contentUrl":"https:\/\/www.marketingbrand.de\/wp-content\/uploads\/2026\/04\/MB-Referenz-Unterseiten-Team-Vogel-Thaiboxen.jpg"},{"@type":"BreadcrumbList","@id":"https:\/\/www.marketingbrand.de\/referenz-team-vogel-thaiboxen\/#breadcrumb","itemListElement":[{"@type":"ListItem","position":1,"name":"Startseite","item":"https:\/\/www.marketingbrand.de\/"},{"@type":"ListItem","position":2,"name":"Referenz Team Vogel Thaiboxen"}]},{"@type":"WebSite","@id":"https:\/\/www.marketingbrand.de\/#website","url":"https:\/\/www.marketingbrand.de\/","name":"Marketing-Brand\u00ae - Webdesign &amp; Social Media Agency from Pforzheim","description":"Website optimization, social media marketing &amp; content strategies for small and medium-sized companies.","publisher":{"@id":"https:\/\/www.marketingbrand.de\/#organization"},"potentialAction":[{"@type":"SearchAction","target":{"@type":"EntryPoint","urlTemplate":"https:\/\/www.marketingbrand.de\/?s={search_term_string}"},"query-input":{"@type":"PropertyValueSpecification","valueRequired":true,"valueName":"search_term_string"}}],"inLanguage":"en-US"},{"@type":"Organization","@id":"https:\/\/www.marketingbrand.de\/#organization","name":"Marketing Brand","url":"https:\/\/www.marketingbrand.de\/","logo":{"@type":"ImageObject","inLanguage":"en-US","@id":"https:\/\/www.marketingbrand.de\/#\/schema\/logo\/image\/","url":"https:\/\/www.marketingbrand.de\/wp-content\/uploads\/2020\/12\/Design-ohne-Titel.png","contentUrl":"https:\/\/www.marketingbrand.de\/wp-content\/uploads\/2020\/12\/Design-ohne-Titel.png","width":1080,"height":1080,"caption":"Marketing-Brand"},"image":{"@id":"https:\/\/www.marketingbrand.de\/#\/schema\/logo\/image\/"},"sameAs":["https:\/\/www.facebook.com\/marketingbrand.llc","https:\/\/instagram.com\/marketingbrand.llc?igshid=NWRhNmQxMjQ"]}]}},"_links":{"self":[{"href":"https:\/\/www.marketingbrand.de\/en\/wp-json\/wp\/v2\/pages\/14417","targetHints":{"allow":["GET"]}}],"collection":[{"href":"https:\/\/www.marketingbrand.de\/en\/wp-json\/wp\/v2\/pages"}],"about":[{"href":"https:\/\/www.marketingbrand.de\/en\/wp-json\/wp\/v2\/types\/page"}],"author":[{"embeddable":true,"href":"https:\/\/www.marketingbrand.de\/en\/wp-json\/wp\/v2\/users\/1"}],"replies":[{"embeddable":true,"href":"https:\/\/www.marketingbrand.de\/en\/wp-json\/wp\/v2\/comments?post=14417"}],"version-history":[{"count":0,"href":"https:\/\/www.marketingbrand.de\/en\/wp-json\/wp\/v2\/pages\/14417\/revisions"}],"wp:attachment":[{"href":"https:\/\/www.marketingbrand.de\/en\/wp-json\/wp\/v2\/media?parent=14417"}],"curies":[{"name":"wp","href":"https:\/\/api.w.org\/{rel}","templated":true}]}}