{"id":14355,"date":"2026-04-23T15:36:38","date_gmt":"2026-04-23T13:36:38","guid":{"rendered":"https:\/\/www.marketingbrand.de\/?page_id=14355"},"modified":"2026-04-24T15:57:05","modified_gmt":"2026-04-24T13:57:05","slug":"referenz-erlebnis-fahrrad","status":"publish","type":"page","link":"https:\/\/www.marketingbrand.de\/en\/referenz-erlebnis-fahrrad\/","title":{"rendered":"Reference experience bicycle"},"content":{"rendered":"<div data-elementor-type=\"wp-page\" data-elementor-id=\"14355\" class=\"elementor elementor-14355\" data-elementor-post-type=\"page\">\n\t\t\t\t<div data-particle_enable=\"false\" data-particle-mobile-disabled=\"false\" class=\"elementor-element elementor-element-8bdbc94 e-flex e-con-boxed e-con e-parent\" data-id=\"8bdbc94\" data-element_type=\"container\" data-e-type=\"container\" data-settings=\"{&quot;background_background&quot;:&quot;classic&quot;}\">\n\t\t\t\t\t<div class=\"e-con-inner\">\n\t\t<div data-particle_enable=\"false\" data-particle-mobile-disabled=\"false\" class=\"elementor-element elementor-element-c54fc47 e-con-full e-flex elementor-invisible e-con e-child\" data-id=\"c54fc47\" data-element_type=\"container\" data-e-type=\"container\" data-settings=\"{&quot;animation&quot;:&quot;slideInLeft&quot;}\">\n\t\t\t\t<div class=\"elementor-element elementor-element-2896407 elementor-invisible elementor-widget elementor-widget-heading\" data-id=\"2896407\" data-element_type=\"widget\" data-e-type=\"widget\" data-settings=\"{&quot;_animation&quot;:&quot;fadeInLeft&quot;}\" data-widget_type=\"heading.default\">\n\t\t\t\t<div class=\"elementor-widget-container\">\n\t\t\t\t\t<h2 class=\"elementor-heading-title elementor-size-default\">\u201eOptimize bicycle shop website: More visitors for \u201cErlebnisfahrrad\" (Adventure Bike)\u201c<\/h2>\t\t\t\t<\/div>\n\t\t\t\t<\/div>\n\t\t\t\t<div class=\"elementor-element elementor-element-23b2e69 elementor-invisible elementor-widget elementor-widget-heading\" data-id=\"23b2e69\" data-element_type=\"widget\" data-e-type=\"widget\" data-settings=\"{&quot;_animation&quot;:&quot;fadeInLeft&quot;}\" data-widget_type=\"heading.default\">\n\t\t\t\t<div class=\"elementor-widget-container\">\n\t\t\t\t\t<h2 class=\"elementor-heading-title elementor-size-default\">March 17, 2026<\/h2>\t\t\t\t<\/div>\n\t\t\t\t<\/div>\n\t\t\t\t<div class=\"elementor-element elementor-element-c2fd682 elementor-align-left elementor-mobile-align-justify animated-slow elementor-invisible elementor-widget elementor-widget-button\" data-id=\"c2fd682\" data-element_type=\"widget\" data-e-type=\"widget\" data-settings=\"{&quot;_animation_mobile&quot;:&quot;fadeInUp&quot;,&quot;_animation&quot;:&quot;fadeInLeft&quot;}\" data-widget_type=\"button.default\">\n\t\t\t\t<div class=\"elementor-widget-container\">\n\t\t\t\t\t\t\t\t\t<div class=\"elementor-button-wrapper\">\n\t\t\t\t\t<a class=\"elementor-button elementor-button-link elementor-size-md\" href=\"https:\/\/www.erlebnis-fahrrad.de\" target=\"_blank\">\n\t\t\t\t\t\t<span class=\"elementor-button-content-wrapper\">\n\t\t\t\t\t\t<span class=\"elementor-button-icon\">\n\t\t\t\t<i aria-hidden=\"true\" class=\"fas fa-link\"><\/i>\t\t\t<\/span>\n\t\t\t\t\t\t\t\t\t<span class=\"elementor-button-text\">Visit Site<\/span>\n\t\t\t\t\t<\/span>\n\t\t\t\t\t<\/a>\n\t\t\t\t<\/div>\n\t\t\t\t\t\t\t\t<\/div>\n\t\t\t\t<\/div>\n\t\t\t\t<\/div>\n\t\t<div data-particle_enable=\"false\" data-particle-mobile-disabled=\"false\" class=\"elementor-element elementor-element-db549c8 e-con-full e-flex e-con e-child\" data-id=\"db549c8\" data-element_type=\"container\" data-e-type=\"container\">\n\t\t\t\t<div class=\"elementor-element elementor-element-26ce8bb elementor-invisible elementor-widget elementor-widget-image\" data-id=\"26ce8bb\" data-element_type=\"widget\" data-e-type=\"widget\" data-settings=\"{&quot;_animation&quot;:&quot;slideInRight&quot;}\" data-widget_type=\"image.default\">\n\t\t\t\t<div class=\"elementor-widget-container\">\n\t\t\t\t\t\t\t\t\t\t\t\t\t\t\t\t<a href=\"https:\/\/www.erlebnis-fahrrad.de\" target=\"_blank\">\n\t\t\t\t\t\t\t<img fetchpriority=\"high\" decoding=\"async\" width=\"2560\" height=\"1920\" src=\"https:\/\/www.marketingbrand.de\/wp-content\/uploads\/2026\/04\/MB-Referenz-Unterseiten-Erlebnis-Fahrrad-1.jpg\" class=\"attachment-full size-full wp-image-14473\" alt=\"\" srcset=\"https:\/\/www.marketingbrand.de\/wp-content\/uploads\/2026\/04\/MB-Referenz-Unterseiten-Erlebnis-Fahrrad-1.jpg 2560w, https:\/\/www.marketingbrand.de\/wp-content\/uploads\/2026\/04\/MB-Referenz-Unterseiten-Erlebnis-Fahrrad-1-300x225.jpg 300w, https:\/\/www.marketingbrand.de\/wp-content\/uploads\/2026\/04\/MB-Referenz-Unterseiten-Erlebnis-Fahrrad-1-1024x768.jpg 1024w, https:\/\/www.marketingbrand.de\/wp-content\/uploads\/2026\/04\/MB-Referenz-Unterseiten-Erlebnis-Fahrrad-1-768x576.jpg 768w, https:\/\/www.marketingbrand.de\/wp-content\/uploads\/2026\/04\/MB-Referenz-Unterseiten-Erlebnis-Fahrrad-1-1536x1152.jpg 1536w, https:\/\/www.marketingbrand.de\/wp-content\/uploads\/2026\/04\/MB-Referenz-Unterseiten-Erlebnis-Fahrrad-1-2048x1536.jpg 2048w, https:\/\/www.marketingbrand.de\/wp-content\/uploads\/2026\/04\/MB-Referenz-Unterseiten-Erlebnis-Fahrrad-1-16x12.jpg 16w, https:\/\/www.marketingbrand.de\/wp-content\/uploads\/2026\/04\/MB-Referenz-Unterseiten-Erlebnis-Fahrrad-1-67x50.jpg 67w\" sizes=\"(max-width: 2560px) 100vw, 2560px\" \/>\t\t\t\t\t\t\t\t<\/a>\n\t\t\t\t\t\t\t\t\t\t\t\t\t\t\t<\/div>\n\t\t\t\t<\/div>\n\t\t\t\t<\/div>\n\t\t\t\t\t<\/div>\n\t\t\t\t<\/div>\n\t\t<div data-particle_enable=\"false\" data-particle-mobile-disabled=\"false\" class=\"elementor-element elementor-element-5b47054 e-flex e-con-boxed e-con e-parent\" data-id=\"5b47054\" data-element_type=\"container\" data-e-type=\"container\">\n\t\t\t\t\t<div class=\"e-con-inner\">\n\t\t<div data-particle_enable=\"false\" data-particle-mobile-disabled=\"false\" class=\"elementor-element elementor-element-9240f82 e-con-full e-flex e-con e-child\" data-id=\"9240f82\" data-element_type=\"container\" data-e-type=\"container\">\n\t\t\t\t<div class=\"elementor-element elementor-element-81f32f1 elementor-widget__width-inherit elementor-invisible elementor-widget elementor-widget-heading\" data-id=\"81f32f1\" data-element_type=\"widget\" data-e-type=\"widget\" data-settings=\"{&quot;_animation&quot;:&quot;slideInUp&quot;}\" data-widget_type=\"heading.default\">\n\t\t\t\t<div class=\"elementor-widget-container\">\n\t\t\t\t\t<h2 class=\"elementor-heading-title elementor-size-default\">Our service<\/h2>\t\t\t\t<\/div>\n\t\t\t\t<\/div>\n\t\t\t\t<div class=\"elementor-element elementor-element-3959c9f elementor-widget__width-initial elementor-widget-tablet__width-inherit elementor-invisible elementor-widget elementor-widget-heading\" data-id=\"3959c9f\" data-element_type=\"widget\" data-e-type=\"widget\" data-settings=\"{&quot;_animation&quot;:&quot;slideInUp&quot;}\" data-widget_type=\"heading.default\">\n\t\t\t\t<div class=\"elementor-widget-container\">\n\t\t\t\t\t<h2 class=\"elementor-heading-title elementor-size-default\">For your web presence<\/h2>\t\t\t\t<\/div>\n\t\t\t\t<\/div>\n\t\t\t\t<div class=\"elementor-element elementor-element-98339cc elementor-widget__width-initial elementor-widget-tablet__width-inherit elementor-invisible elementor-widget elementor-widget-text-editor\" data-id=\"98339cc\" data-element_type=\"widget\" data-e-type=\"widget\" data-settings=\"{&quot;_animation&quot;:&quot;fadeInRight&quot;}\" data-widget_type=\"text-editor.default\">\n\t\t\t\t<div class=\"elementor-widget-container\">\n\t\t\t\t\t\t\t\t\t<p data-start=\"874\" data-end=\"1052\">Optimizing the bike shop website for the \"Experience Cycling\" theme means creating a modern platform that attracts more visitors and simultaneously brings new customers into the store.<\/p><p data-start=\"1054\" data-end=\"1324\">The existing website has been completely rebuilt, so that content is clearly structured and visitors can find their way around immediately. The aim was not only to modernize the design but also to improve user guidance and strategically increase reach.<\/p><p data-start=\"1326\" data-end=\"1592\">Optimized display on mobile devices and a clear structure allow interested parties to quickly find all important information. At the same time, the website ensures that more people become aware of the offering and find their way to the store.<\/p><p data-start=\"1594\" data-end=\"1842\">Additional focus was placed on integration of tracking, so that visitor numbers could be measured for the first time. In the first month alone, over 300 visitors were recorded on the website \u2013 a strong result for a local bicycle shop.<\/p>\t\t\t\t\t\t\t\t<\/div>\n\t\t\t\t<\/div>\n\t\t<div data-particle_enable=\"false\" data-particle-mobile-disabled=\"false\" class=\"elementor-element elementor-element-dc3163a e-con-full e-flex e-con e-child\" data-id=\"dc3163a\" data-element_type=\"container\" data-e-type=\"container\">\n\t\t<div data-particle_enable=\"false\" data-particle-mobile-disabled=\"false\" class=\"elementor-element elementor-element-9c2b85a e-con-full e-flex elementor-invisible e-con e-child\" data-id=\"9c2b85a\" data-element_type=\"container\" data-e-type=\"container\" data-settings=\"{&quot;background_background&quot;:&quot;gradient&quot;,&quot;animation&quot;:&quot;fadeInUp&quot;}\">\n\t\t\t\t<div class=\"elementor-element elementor-element-2a70d5d elementor-cta--valign-middle elementor-cta--skin-classic elementor-animated-content elementor-bg-transform elementor-bg-transform-zoom-in elementor-widget elementor-widget-call-to-action\" data-id=\"2a70d5d\" data-element_type=\"widget\" data-e-type=\"widget\" data-widget_type=\"call-to-action.default\">\n\t\t\t\t<div class=\"elementor-widget-container\">\n\t\t\t\t\t\t\t<div class=\"elementor-cta\">\n\t\t\t\t\t\t\t<div class=\"elementor-cta__content\">\n\t\t\t\t\n\t\t\t\t\t\t\t\t\t<h2 class=\"elementor-cta__title elementor-cta__content-item elementor-content-item\">\n\t\t\t\t\t\tOnline presence\t\t\t\t\t<\/h2>\n\t\t\t\t\n\t\t\t\t\t\t\t\t\t<div class=\"elementor-cta__description elementor-cta__content-item elementor-content-item\">\n\t\t\t\t\t\tThe website has been restructured and clearly laid out, so visitors can quickly find all important information. This creates a professional impression and clearly presents the offer.\t\t\t\t\t<\/div>\n\t\t\t\t\n\t\t\t\t\t\t\t<\/div>\n\t\t\t\t\t\t<\/div>\n\t\t\t\t\t\t<\/div>\n\t\t\t\t<\/div>\n\t\t\t\t<\/div>\n\t\t<div data-particle_enable=\"false\" data-particle-mobile-disabled=\"false\" class=\"elementor-element elementor-element-5061ef9 e-con-full e-flex elementor-invisible e-con e-child\" data-id=\"5061ef9\" data-element_type=\"container\" data-e-type=\"container\" data-settings=\"{&quot;background_background&quot;:&quot;gradient&quot;,&quot;animation&quot;:&quot;fadeInUp&quot;}\">\n\t\t\t\t<div class=\"elementor-element elementor-element-50283df elementor-cta--valign-middle elementor-cta--skin-classic elementor-animated-content elementor-bg-transform elementor-bg-transform-zoom-in elementor-widget elementor-widget-call-to-action\" data-id=\"50283df\" data-element_type=\"widget\" data-e-type=\"widget\" data-widget_type=\"call-to-action.default\">\n\t\t\t\t<div class=\"elementor-widget-container\">\n\t\t\t\t\t\t\t<div class=\"elementor-cta\">\n\t\t\t\t\t\t\t<div class=\"elementor-cta__content\">\n\t\t\t\t\n\t\t\t\t\t\t\t\t\t<h2 class=\"elementor-cta__title elementor-cta__content-item elementor-content-item\">\n\t\t\t\t\t\tMobile UX\t\t\t\t\t<\/h2>\n\t\t\t\t\n\t\t\t\t\t\t\t\t\t<div class=\"elementor-cta__description elementor-cta__content-item elementor-content-item\">\n\t\t\t\t\t\tThe website has been specifically optimized for mobile devices, ensuring quick content loading and easy navigation for users. This allows interested parties to access all information effortlessly at any time and use the offering with ease.\t\t\t\t\t<\/div>\n\t\t\t\t\n\t\t\t\t\t\t\t<\/div>\n\t\t\t\t\t\t<\/div>\n\t\t\t\t\t\t<\/div>\n\t\t\t\t<\/div>\n\t\t\t\t<\/div>\n\t\t<div data-particle_enable=\"false\" data-particle-mobile-disabled=\"false\" class=\"elementor-element elementor-element-4d9aef6 e-con-full e-flex elementor-invisible e-con e-child\" data-id=\"4d9aef6\" data-element_type=\"container\" data-e-type=\"container\" data-settings=\"{&quot;background_background&quot;:&quot;gradient&quot;,&quot;animation&quot;:&quot;fadeInUp&quot;}\">\n\t\t\t\t<div class=\"elementor-element elementor-element-c7bdbc7 elementor-cta--valign-middle elementor-cta--skin-classic elementor-animated-content elementor-bg-transform elementor-bg-transform-zoom-in elementor-widget elementor-widget-call-to-action\" data-id=\"c7bdbc7\" data-element_type=\"widget\" data-e-type=\"widget\" data-widget_type=\"call-to-action.default\">\n\t\t\t\t<div class=\"elementor-widget-container\">\n\t\t\t\t\t\t\t<div class=\"elementor-cta\">\n\t\t\t\t\t\t\t<div class=\"elementor-cta__content\">\n\t\t\t\t\n\t\t\t\t\t\t\t\t\t<h2 class=\"elementor-cta__title elementor-cta__content-item elementor-content-item\">\n\t\t\t\t\t\tConversion boost\t\t\t\t\t<\/h2>\n\t\t\t\t\n\t\t\t\t\t\t\t\t\t<div class=\"elementor-cta__description elementor-cta__content-item elementor-content-item\">\n\t\t\t\t\t\tThe website has been designed to clearly guide visitors through the content and help them quickly take the next step. This creates more engagement and, at the same time, leads more potential customers into the store.\t\t\t\t\t<\/div>\n\t\t\t\t\n\t\t\t\t\t\t\t<\/div>\n\t\t\t\t\t\t<\/div>\n\t\t\t\t\t\t<\/div>\n\t\t\t\t<\/div>\n\t\t\t\t<\/div>\n\t\t\t\t<\/div>\n\t\t\t\t<\/div>\n\t\t\t\t\t<\/div>\n\t\t\t\t<\/div>\n\t\t<div data-particle_enable=\"false\" data-particle-mobile-disabled=\"false\" class=\"elementor-element elementor-element-c272d0c e-flex e-con-boxed e-con e-parent\" data-id=\"c272d0c\" data-element_type=\"container\" data-e-type=\"container\">\n\t\t\t\t\t<div class=\"e-con-inner\">\n\t\t\t\t<div class=\"elementor-element elementor-element-699248d elementor-invisible elementor-widget elementor-widget-text-editor\" data-id=\"699248d\" data-element_type=\"widget\" data-e-type=\"widget\" data-settings=\"{&quot;_animation&quot;:&quot;fadeInUp&quot;}\" data-widget_type=\"text-editor.default\">\n\t\t\t\t<div class=\"elementor-widget-container\">\n\t\t\t\t\t\t\t\t\t<p data-start=\"2715\" data-end=\"2819\">An optimized website that reaches more visitors and specifically brings new customers to the bike shop.<\/p>\t\t\t\t\t\t\t\t<\/div>\n\t\t\t\t<\/div>\n\t\t\t\t<div class=\"elementor-element elementor-element-ab651a6 elementor-align-left elementor-mobile-align-center elementor-widget elementor-widget-global elementor-global-12679 elementor-widget-button\" data-id=\"ab651a6\" data-element_type=\"widget\" data-e-type=\"widget\" data-settings=\"{&quot;_animation_mobile&quot;:&quot;fadeInUp&quot;}\" data-widget_type=\"button.default\">\n\t\t\t\t<div class=\"elementor-widget-container\">\n\t\t\t\t\t\t\t\t\t<div class=\"elementor-button-wrapper\">\n\t\t\t\t\t<a class=\"elementor-button elementor-button-link elementor-size-md elementor-animation-float\" href=\"#elementor-action%3Aaction%3Dpopup%3Aopen%26settings%3DeyJpZCI6IjYwMTMiLCJ0b2dnbGUiOmZhbHNlfQ%3D%3D\">\n\t\t\t\t\t\t<span class=\"elementor-button-content-wrapper\">\n\t\t\t\t\t\t\t\t\t<span class=\"elementor-button-text\">Arrange initial meeting now<\/span>\n\t\t\t\t\t<\/span>\n\t\t\t\t\t<\/a>\n\t\t\t\t<\/div>\n\t\t\t\t\t\t\t\t<\/div>\n\t\t\t\t<\/div>\n\t\t\t\t\t<\/div>\n\t\t\t\t<\/div>\n\t\t\t\t<\/div>","protected":false},"excerpt":{"rendered":"<p>\u201eFahrradladen Webseite optimieren: Mehr Besucher f\u00fcr Erlebnisfahrrad\u201c 17. M\u00e4rz 2026 Webseite besuchen Unser Service F\u00fcr deinen Web-Auftritt Die Fahrradladen Webseite zu optimieren f\u00fcr Erlebnis Fahrrad bedeutet, eine moderne Plattform zu schaffen, die mehr Besucher anzieht und gleichzeitig neue Kunden in den Laden bringt. Die bestehende Webseite wurde vollst\u00e4ndig neu aufgebaut, sodass Inhalte klar strukturiert sind [&hellip;]<\/p>\n","protected":false},"author":1,"featured_media":0,"parent":0,"menu_order":0,"comment_status":"closed","ping_status":"closed","template":"","meta":{"footnotes":""},"class_list":["post-14355","page","type-page","status-publish","hentry"],"yoast_head":"<!-- This site is optimized with the Yoast SEO plugin v27.4 - https:\/\/yoast.com\/product\/yoast-seo-wordpress\/ -->\n<title>Fahrradladen Webseite optimieren \u2013 Mehr Besucher f\u00fcr Erlebnis Fahrrad<\/title>\n<meta name=\"description\" content=\"Fahrradladen Webseite optimieren: Mehr Besucher durch modernes Design, bessere Nutzerf\u00fchrung &amp; messbare Ergebnisse bereits im ersten Monat.\" \/>\n<meta name=\"robots\" content=\"index, follow, max-snippet:-1, max-image-preview:large, max-video-preview:-1\" \/>\n<link rel=\"canonical\" href=\"https:\/\/www.marketingbrand.de\/en\/referenz-erlebnis-fahrrad\/\" \/>\n<meta property=\"og:locale\" content=\"en_US\" \/>\n<meta property=\"og:type\" content=\"article\" \/>\n<meta property=\"og:title\" content=\"Fahrradladen Webseite optimieren \u2013 Mehr Besucher f\u00fcr Erlebnis Fahrrad\" \/>\n<meta property=\"og:description\" content=\"Fahrradladen Webseite optimieren: Mehr Besucher durch modernes Design, bessere Nutzerf\u00fchrung &amp; messbare Ergebnisse bereits im ersten Monat.\" \/>\n<meta property=\"og:url\" content=\"https:\/\/www.marketingbrand.de\/en\/referenz-erlebnis-fahrrad\/\" \/>\n<meta property=\"og:site_name\" content=\"Marketing-Brand\u00ae \u2013 Webdesign &amp; Social Media Agentur aus Pforzheim\" \/>\n<meta property=\"article:publisher\" content=\"https:\/\/www.facebook.com\/marketingbrand.llc\" \/>\n<meta property=\"article:modified_time\" content=\"2026-04-24T13:57:05+00:00\" \/>\n<meta property=\"og:image\" content=\"https:\/\/www.marketingbrand.de\/wp-content\/uploads\/2026\/04\/MB-Referenz-Unterseiten-Erlebnis-Fahrrad-1.jpg\" \/>\n\t<meta property=\"og:image:width\" content=\"2560\" \/>\n\t<meta property=\"og:image:height\" content=\"1920\" \/>\n\t<meta property=\"og:image:type\" content=\"image\/jpeg\" \/>\n<meta name=\"twitter:card\" content=\"summary_large_image\" \/>\n<meta name=\"twitter:label1\" content=\"Est. reading time\" \/>\n\t<meta name=\"twitter:data1\" content=\"2 minutes\" \/>\n<script type=\"application\/ld+json\" class=\"yoast-schema-graph\">{\"@context\":\"https:\\\/\\\/schema.org\",\"@graph\":[{\"@type\":\"WebPage\",\"@id\":\"https:\\\/\\\/www.marketingbrand.de\\\/referenz-erlebnis-fahrrad\\\/\",\"url\":\"https:\\\/\\\/www.marketingbrand.de\\\/referenz-erlebnis-fahrrad\\\/\",\"name\":\"Fahrradladen Webseite optimieren \u2013 Mehr Besucher f\u00fcr Erlebnis Fahrrad\",\"isPartOf\":{\"@id\":\"https:\\\/\\\/www.marketingbrand.de\\\/#website\"},\"primaryImageOfPage\":{\"@id\":\"https:\\\/\\\/www.marketingbrand.de\\\/referenz-erlebnis-fahrrad\\\/#primaryimage\"},\"image\":{\"@id\":\"https:\\\/\\\/www.marketingbrand.de\\\/referenz-erlebnis-fahrrad\\\/#primaryimage\"},\"thumbnailUrl\":\"https:\\\/\\\/www.marketingbrand.de\\\/wp-content\\\/uploads\\\/2026\\\/04\\\/MB-Referenz-Unterseiten-Erlebnis-Fahrrad-1.jpg\",\"datePublished\":\"2026-04-23T13:36:38+00:00\",\"dateModified\":\"2026-04-24T13:57:05+00:00\",\"description\":\"Fahrradladen Webseite optimieren: Mehr Besucher durch modernes Design, bessere Nutzerf\u00fchrung & messbare Ergebnisse bereits im ersten Monat.\",\"breadcrumb\":{\"@id\":\"https:\\\/\\\/www.marketingbrand.de\\\/referenz-erlebnis-fahrrad\\\/#breadcrumb\"},\"inLanguage\":\"en-US\",\"potentialAction\":[{\"@type\":\"ReadAction\",\"target\":[\"https:\\\/\\\/www.marketingbrand.de\\\/referenz-erlebnis-fahrrad\\\/\"]}]},{\"@type\":\"ImageObject\",\"inLanguage\":\"en-US\",\"@id\":\"https:\\\/\\\/www.marketingbrand.de\\\/referenz-erlebnis-fahrrad\\\/#primaryimage\",\"url\":\"https:\\\/\\\/www.marketingbrand.de\\\/wp-content\\\/uploads\\\/2026\\\/04\\\/MB-Referenz-Unterseiten-Erlebnis-Fahrrad-1.jpg\",\"contentUrl\":\"https:\\\/\\\/www.marketingbrand.de\\\/wp-content\\\/uploads\\\/2026\\\/04\\\/MB-Referenz-Unterseiten-Erlebnis-Fahrrad-1.jpg\"},{\"@type\":\"BreadcrumbList\",\"@id\":\"https:\\\/\\\/www.marketingbrand.de\\\/referenz-erlebnis-fahrrad\\\/#breadcrumb\",\"itemListElement\":[{\"@type\":\"ListItem\",\"position\":1,\"name\":\"Startseite\",\"item\":\"https:\\\/\\\/www.marketingbrand.de\\\/\"},{\"@type\":\"ListItem\",\"position\":2,\"name\":\"Referenz Erlebnis Fahrrad\"}]},{\"@type\":\"WebSite\",\"@id\":\"https:\\\/\\\/www.marketingbrand.de\\\/#website\",\"url\":\"https:\\\/\\\/www.marketingbrand.de\\\/\",\"name\":\"Marketing-Brand\u00ae \u2013 Webdesign &amp; Social Media Agentur aus Pforzheim\",\"description\":\"Webseiten-Optimierung, Social Media Marketing &amp; Content-Strategien f\u00fcr kleine und mittelst\u00e4ndische Unternehmen.\",\"publisher\":{\"@id\":\"https:\\\/\\\/www.marketingbrand.de\\\/#organization\"},\"potentialAction\":[{\"@type\":\"SearchAction\",\"target\":{\"@type\":\"EntryPoint\",\"urlTemplate\":\"https:\\\/\\\/www.marketingbrand.de\\\/?s={search_term_string}\"},\"query-input\":{\"@type\":\"PropertyValueSpecification\",\"valueRequired\":true,\"valueName\":\"search_term_string\"}}],\"inLanguage\":\"en-US\"},{\"@type\":\"Organization\",\"@id\":\"https:\\\/\\\/www.marketingbrand.de\\\/#organization\",\"name\":\"Marketing-Brand\",\"url\":\"https:\\\/\\\/www.marketingbrand.de\\\/\",\"logo\":{\"@type\":\"ImageObject\",\"inLanguage\":\"en-US\",\"@id\":\"https:\\\/\\\/www.marketingbrand.de\\\/#\\\/schema\\\/logo\\\/image\\\/\",\"url\":\"https:\\\/\\\/www.marketingbrand.de\\\/wp-content\\\/uploads\\\/2020\\\/12\\\/Design-ohne-Titel.png\",\"contentUrl\":\"https:\\\/\\\/www.marketingbrand.de\\\/wp-content\\\/uploads\\\/2020\\\/12\\\/Design-ohne-Titel.png\",\"width\":1080,\"height\":1080,\"caption\":\"Marketing-Brand\"},\"image\":{\"@id\":\"https:\\\/\\\/www.marketingbrand.de\\\/#\\\/schema\\\/logo\\\/image\\\/\"},\"sameAs\":[\"https:\\\/\\\/www.facebook.com\\\/marketingbrand.llc\",\"https:\\\/\\\/instagram.com\\\/marketingbrand.llc?igshid=NWRhNmQxMjQ\"]}]}<\/script>\n<!-- \/ Yoast SEO plugin. -->","yoast_head_json":{"title":"Optimize Bike Shop Website \u2013 More Visitors for the Cycling Experience","description":"Bicycle shop website optimization: More visitors through modern design, better user experience &amp; measurable results within the first month.","robots":{"index":"index","follow":"follow","max-snippet":"max-snippet:-1","max-image-preview":"max-image-preview:large","max-video-preview":"max-video-preview:-1"},"canonical":"https:\/\/www.marketingbrand.de\/en\/referenz-erlebnis-fahrrad\/","og_locale":"en_US","og_type":"article","og_title":"Fahrradladen Webseite optimieren \u2013 Mehr Besucher f\u00fcr Erlebnis Fahrrad","og_description":"Fahrradladen Webseite optimieren: Mehr Besucher durch modernes Design, bessere Nutzerf\u00fchrung & messbare Ergebnisse bereits im ersten Monat.","og_url":"https:\/\/www.marketingbrand.de\/en\/referenz-erlebnis-fahrrad\/","og_site_name":"Marketing-Brand\u00ae \u2013 Webdesign &amp; Social Media Agentur aus Pforzheim","article_publisher":"https:\/\/www.facebook.com\/marketingbrand.llc","article_modified_time":"2026-04-24T13:57:05+00:00","og_image":[{"width":2560,"height":1920,"url":"https:\/\/www.marketingbrand.de\/wp-content\/uploads\/2026\/04\/MB-Referenz-Unterseiten-Erlebnis-Fahrrad-1.jpg","type":"image\/jpeg"}],"twitter_card":"summary_large_image","twitter_misc":{"Est. reading time":"2 minutes"},"schema":{"@context":"https:\/\/schema.org","@graph":[{"@type":"WebPage","@id":"https:\/\/www.marketingbrand.de\/referenz-erlebnis-fahrrad\/","url":"https:\/\/www.marketingbrand.de\/referenz-erlebnis-fahrrad\/","name":"Optimize Bike Shop Website \u2013 More Visitors for the Cycling Experience","isPartOf":{"@id":"https:\/\/www.marketingbrand.de\/#website"},"primaryImageOfPage":{"@id":"https:\/\/www.marketingbrand.de\/referenz-erlebnis-fahrrad\/#primaryimage"},"image":{"@id":"https:\/\/www.marketingbrand.de\/referenz-erlebnis-fahrrad\/#primaryimage"},"thumbnailUrl":"https:\/\/www.marketingbrand.de\/wp-content\/uploads\/2026\/04\/MB-Referenz-Unterseiten-Erlebnis-Fahrrad-1.jpg","datePublished":"2026-04-23T13:36:38+00:00","dateModified":"2026-04-24T13:57:05+00:00","description":"Bicycle shop website optimization: More visitors through modern design, better user experience &amp; measurable results within the first month.","breadcrumb":{"@id":"https:\/\/www.marketingbrand.de\/referenz-erlebnis-fahrrad\/#breadcrumb"},"inLanguage":"en-US","potentialAction":[{"@type":"ReadAction","target":["https:\/\/www.marketingbrand.de\/referenz-erlebnis-fahrrad\/"]}]},{"@type":"ImageObject","inLanguage":"en-US","@id":"https:\/\/www.marketingbrand.de\/referenz-erlebnis-fahrrad\/#primaryimage","url":"https:\/\/www.marketingbrand.de\/wp-content\/uploads\/2026\/04\/MB-Referenz-Unterseiten-Erlebnis-Fahrrad-1.jpg","contentUrl":"https:\/\/www.marketingbrand.de\/wp-content\/uploads\/2026\/04\/MB-Referenz-Unterseiten-Erlebnis-Fahrrad-1.jpg"},{"@type":"BreadcrumbList","@id":"https:\/\/www.marketingbrand.de\/referenz-erlebnis-fahrrad\/#breadcrumb","itemListElement":[{"@type":"ListItem","position":1,"name":"Startseite","item":"https:\/\/www.marketingbrand.de\/"},{"@type":"ListItem","position":2,"name":"Referenz Erlebnis Fahrrad"}]},{"@type":"WebSite","@id":"https:\/\/www.marketingbrand.de\/#website","url":"https:\/\/www.marketingbrand.de\/","name":"Marketing-Brand\u00ae - Webdesign &amp; Social Media Agency from Pforzheim","description":"Website optimization, social media marketing &amp; content strategies for small and medium-sized companies.","publisher":{"@id":"https:\/\/www.marketingbrand.de\/#organization"},"potentialAction":[{"@type":"SearchAction","target":{"@type":"EntryPoint","urlTemplate":"https:\/\/www.marketingbrand.de\/?s={search_term_string}"},"query-input":{"@type":"PropertyValueSpecification","valueRequired":true,"valueName":"search_term_string"}}],"inLanguage":"en-US"},{"@type":"Organization","@id":"https:\/\/www.marketingbrand.de\/#organization","name":"Marketing Brand","url":"https:\/\/www.marketingbrand.de\/","logo":{"@type":"ImageObject","inLanguage":"en-US","@id":"https:\/\/www.marketingbrand.de\/#\/schema\/logo\/image\/","url":"https:\/\/www.marketingbrand.de\/wp-content\/uploads\/2020\/12\/Design-ohne-Titel.png","contentUrl":"https:\/\/www.marketingbrand.de\/wp-content\/uploads\/2020\/12\/Design-ohne-Titel.png","width":1080,"height":1080,"caption":"Marketing-Brand"},"image":{"@id":"https:\/\/www.marketingbrand.de\/#\/schema\/logo\/image\/"},"sameAs":["https:\/\/www.facebook.com\/marketingbrand.llc","https:\/\/instagram.com\/marketingbrand.llc?igshid=NWRhNmQxMjQ"]}]}},"_links":{"self":[{"href":"https:\/\/www.marketingbrand.de\/en\/wp-json\/wp\/v2\/pages\/14355","targetHints":{"allow":["GET"]}}],"collection":[{"href":"https:\/\/www.marketingbrand.de\/en\/wp-json\/wp\/v2\/pages"}],"about":[{"href":"https:\/\/www.marketingbrand.de\/en\/wp-json\/wp\/v2\/types\/page"}],"author":[{"embeddable":true,"href":"https:\/\/www.marketingbrand.de\/en\/wp-json\/wp\/v2\/users\/1"}],"replies":[{"embeddable":true,"href":"https:\/\/www.marketingbrand.de\/en\/wp-json\/wp\/v2\/comments?post=14355"}],"version-history":[{"count":0,"href":"https:\/\/www.marketingbrand.de\/en\/wp-json\/wp\/v2\/pages\/14355\/revisions"}],"wp:attachment":[{"href":"https:\/\/www.marketingbrand.de\/en\/wp-json\/wp\/v2\/media?parent=14355"}],"curies":[{"name":"wp","href":"https:\/\/api.w.org\/{rel}","templated":true}]}}