{"id":14310,"date":"2026-04-22T13:18:09","date_gmt":"2026-04-22T11:18:09","guid":{"rendered":"https:\/\/www.marketingbrand.de\/?page_id=14310"},"modified":"2026-04-22T20:37:45","modified_gmt":"2026-04-22T18:37:45","slug":"referenz-juwelier-gold-heinrich","status":"publish","type":"page","link":"https:\/\/www.marketingbrand.de\/en\/referenz-juwelier-gold-heinrich\/","title":{"rendered":"Reference Jeweler Gold Heinrich"},"content":{"rendered":"<div data-elementor-type=\"wp-page\" data-elementor-id=\"14310\" class=\"elementor elementor-14310\" data-elementor-post-type=\"page\">\n\t\t\t\t<div data-particle_enable=\"false\" data-particle-mobile-disabled=\"false\" class=\"elementor-element elementor-element-8bdbc94 e-flex e-con-boxed e-con e-parent\" data-id=\"8bdbc94\" data-element_type=\"container\" data-e-type=\"container\" data-settings=\"{&quot;background_background&quot;:&quot;classic&quot;}\">\n\t\t\t\t\t<div class=\"e-con-inner\">\n\t\t<div data-particle_enable=\"false\" data-particle-mobile-disabled=\"false\" class=\"elementor-element elementor-element-c54fc47 e-con-full e-flex elementor-invisible e-con e-child\" data-id=\"c54fc47\" data-element_type=\"container\" data-e-type=\"container\" data-settings=\"{&quot;animation&quot;:&quot;slideInLeft&quot;}\">\n\t\t\t\t<div class=\"elementor-element elementor-element-2896407 elementor-invisible elementor-widget elementor-widget-heading\" data-id=\"2896407\" data-element_type=\"widget\" data-e-type=\"widget\" data-settings=\"{&quot;_animation&quot;:&quot;fadeInLeft&quot;}\" data-widget_type=\"heading.default\">\n\t\t\t\t<div class=\"elementor-widget-container\">\n\t\t\t\t\t<h2 class=\"elementor-heading-title elementor-size-default\">\u201eCreate an Online Shop for Jewelers: More Sales for Gold Heinrich\u201c<\/h2>\t\t\t\t<\/div>\n\t\t\t\t<\/div>\n\t\t\t\t<div class=\"elementor-element elementor-element-23b2e69 elementor-invisible elementor-widget elementor-widget-heading\" data-id=\"23b2e69\" data-element_type=\"widget\" data-e-type=\"widget\" data-settings=\"{&quot;_animation&quot;:&quot;fadeInLeft&quot;}\" data-widget_type=\"heading.default\">\n\t\t\t\t<div class=\"elementor-widget-container\">\n\t\t\t\t\t<h2 class=\"elementor-heading-title elementor-size-default\">November 12, 2024<\/h2>\t\t\t\t<\/div>\n\t\t\t\t<\/div>\n\t\t\t\t<div class=\"elementor-element elementor-element-c2fd682 elementor-align-left elementor-mobile-align-justify animated-slow elementor-invisible elementor-widget elementor-widget-button\" data-id=\"c2fd682\" data-element_type=\"widget\" data-e-type=\"widget\" data-settings=\"{&quot;_animation_mobile&quot;:&quot;fadeInUp&quot;,&quot;_animation&quot;:&quot;fadeInLeft&quot;}\" data-widget_type=\"button.default\">\n\t\t\t\t<div class=\"elementor-widget-container\">\n\t\t\t\t\t\t\t\t\t<div class=\"elementor-button-wrapper\">\n\t\t\t\t\t<a class=\"elementor-button elementor-button-link elementor-size-md\" href=\"https:\/\/www.goldheinrich.de\" target=\"_blank\">\n\t\t\t\t\t\t<span class=\"elementor-button-content-wrapper\">\n\t\t\t\t\t\t<span class=\"elementor-button-icon\">\n\t\t\t\t<i aria-hidden=\"true\" class=\"fas fa-link\"><\/i>\t\t\t<\/span>\n\t\t\t\t\t\t\t\t\t<span class=\"elementor-button-text\">Visit Site<\/span>\n\t\t\t\t\t<\/span>\n\t\t\t\t\t<\/a>\n\t\t\t\t<\/div>\n\t\t\t\t\t\t\t\t<\/div>\n\t\t\t\t<\/div>\n\t\t\t\t<\/div>\n\t\t<div data-particle_enable=\"false\" data-particle-mobile-disabled=\"false\" class=\"elementor-element elementor-element-db549c8 e-con-full e-flex e-con e-child\" data-id=\"db549c8\" data-element_type=\"container\" data-e-type=\"container\">\n\t\t\t\t<div class=\"elementor-element elementor-element-26ce8bb elementor-invisible elementor-widget elementor-widget-image\" data-id=\"26ce8bb\" data-element_type=\"widget\" data-e-type=\"widget\" data-settings=\"{&quot;_animation&quot;:&quot;slideInRight&quot;}\" data-widget_type=\"image.default\">\n\t\t\t\t<div class=\"elementor-widget-container\">\n\t\t\t\t\t\t\t\t\t\t\t\t\t\t\t\t<a href=\"https:\/\/www.goldheinrich.de\" target=\"_blank\">\n\t\t\t\t\t\t\t<img fetchpriority=\"high\" decoding=\"async\" width=\"2560\" height=\"1920\" src=\"https:\/\/www.marketingbrand.de\/wp-content\/uploads\/2026\/04\/MB-Referenz-Unterseiten-Gold-Heinrich.jpg\" class=\"attachment-full size-full wp-image-14325\" alt=\"\" srcset=\"https:\/\/www.marketingbrand.de\/wp-content\/uploads\/2026\/04\/MB-Referenz-Unterseiten-Gold-Heinrich.jpg 2560w, https:\/\/www.marketingbrand.de\/wp-content\/uploads\/2026\/04\/MB-Referenz-Unterseiten-Gold-Heinrich-300x225.jpg 300w, https:\/\/www.marketingbrand.de\/wp-content\/uploads\/2026\/04\/MB-Referenz-Unterseiten-Gold-Heinrich-1024x768.jpg 1024w, https:\/\/www.marketingbrand.de\/wp-content\/uploads\/2026\/04\/MB-Referenz-Unterseiten-Gold-Heinrich-768x576.jpg 768w, https:\/\/www.marketingbrand.de\/wp-content\/uploads\/2026\/04\/MB-Referenz-Unterseiten-Gold-Heinrich-1536x1152.jpg 1536w, https:\/\/www.marketingbrand.de\/wp-content\/uploads\/2026\/04\/MB-Referenz-Unterseiten-Gold-Heinrich-2048x1536.jpg 2048w, https:\/\/www.marketingbrand.de\/wp-content\/uploads\/2026\/04\/MB-Referenz-Unterseiten-Gold-Heinrich-16x12.jpg 16w, https:\/\/www.marketingbrand.de\/wp-content\/uploads\/2026\/04\/MB-Referenz-Unterseiten-Gold-Heinrich-67x50.jpg 67w\" sizes=\"(max-width: 2560px) 100vw, 2560px\" \/>\t\t\t\t\t\t\t\t<\/a>\n\t\t\t\t\t\t\t\t\t\t\t\t\t\t\t<\/div>\n\t\t\t\t<\/div>\n\t\t\t\t<\/div>\n\t\t\t\t\t<\/div>\n\t\t\t\t<\/div>\n\t\t<div data-particle_enable=\"false\" data-particle-mobile-disabled=\"false\" class=\"elementor-element elementor-element-5b47054 e-flex e-con-boxed e-con e-parent\" data-id=\"5b47054\" data-element_type=\"container\" data-e-type=\"container\">\n\t\t\t\t\t<div class=\"e-con-inner\">\n\t\t<div data-particle_enable=\"false\" data-particle-mobile-disabled=\"false\" class=\"elementor-element elementor-element-9240f82 e-con-full e-flex e-con e-child\" data-id=\"9240f82\" data-element_type=\"container\" data-e-type=\"container\">\n\t\t\t\t<div class=\"elementor-element elementor-element-81f32f1 elementor-widget__width-inherit elementor-invisible elementor-widget elementor-widget-heading\" data-id=\"81f32f1\" data-element_type=\"widget\" data-e-type=\"widget\" data-settings=\"{&quot;_animation&quot;:&quot;slideInUp&quot;}\" data-widget_type=\"heading.default\">\n\t\t\t\t<div class=\"elementor-widget-container\">\n\t\t\t\t\t<h2 class=\"elementor-heading-title elementor-size-default\">Our service<\/h2>\t\t\t\t<\/div>\n\t\t\t\t<\/div>\n\t\t\t\t<div class=\"elementor-element elementor-element-3959c9f elementor-widget__width-initial elementor-widget-tablet__width-inherit elementor-invisible elementor-widget elementor-widget-heading\" data-id=\"3959c9f\" data-element_type=\"widget\" data-e-type=\"widget\" data-settings=\"{&quot;_animation&quot;:&quot;slideInUp&quot;}\" data-widget_type=\"heading.default\">\n\t\t\t\t<div class=\"elementor-widget-container\">\n\t\t\t\t\t<h2 class=\"elementor-heading-title elementor-size-default\">For your web presence<\/h2>\t\t\t\t<\/div>\n\t\t\t\t<\/div>\n\t\t\t\t<div class=\"elementor-element elementor-element-98339cc elementor-widget__width-initial elementor-widget-tablet__width-inherit elementor-invisible elementor-widget elementor-widget-text-editor\" data-id=\"98339cc\" data-element_type=\"widget\" data-e-type=\"widget\" data-settings=\"{&quot;_animation&quot;:&quot;fadeInRight&quot;}\" data-widget_type=\"text-editor.default\">\n\t\t\t\t<div class=\"elementor-widget-container\">\n\t\t\t\t\t\t\t\t\t<p data-start=\"899\" data-end=\"1077\">Creating an online shop for the jeweler Gold Heinrich means developing a modern web presence that optimally showcases products and simultaneously generates more sales.<\/p><p data-start=\"1079\" data-end=\"1322\">In addition to the new online shop, the existing website was also specifically revised to create a uniform and high-quality appearance. The goal was to modernize the design and simultaneously improve user navigation.<\/p><p data-start=\"1324\" data-end=\"1572\">Through a clear structure, an appealing design, and optimized processes, visitors quickly find the right products. At the same time, a targeted presentation builds trust and simplifies purchasing decisions.<\/p><p data-start=\"1574\" data-end=\"1744\">The new online shop makes it possible to buy products directly online, while the optimized website additionally attracts more visitors and specifically contributes to conversions.<\/p>\t\t\t\t\t\t\t\t<\/div>\n\t\t\t\t<\/div>\n\t\t<div data-particle_enable=\"false\" data-particle-mobile-disabled=\"false\" class=\"elementor-element elementor-element-dc3163a e-con-full e-flex e-con e-child\" data-id=\"dc3163a\" data-element_type=\"container\" data-e-type=\"container\">\n\t\t<div data-particle_enable=\"false\" data-particle-mobile-disabled=\"false\" class=\"elementor-element elementor-element-9c2b85a e-con-full e-flex elementor-invisible e-con e-child\" data-id=\"9c2b85a\" data-element_type=\"container\" data-e-type=\"container\" data-settings=\"{&quot;background_background&quot;:&quot;gradient&quot;,&quot;animation&quot;:&quot;fadeInUp&quot;}\">\n\t\t\t\t<div class=\"elementor-element elementor-element-2a70d5d elementor-cta--valign-middle elementor-cta--skin-classic elementor-animated-content elementor-bg-transform elementor-bg-transform-zoom-in elementor-widget elementor-widget-call-to-action\" data-id=\"2a70d5d\" data-element_type=\"widget\" data-e-type=\"widget\" data-widget_type=\"call-to-action.default\">\n\t\t\t\t<div class=\"elementor-widget-container\">\n\t\t\t\t\t\t\t<div class=\"elementor-cta\">\n\t\t\t\t\t\t\t<div class=\"elementor-cta__content\">\n\t\t\t\t\n\t\t\t\t\t\t\t\t\t<h2 class=\"elementor-cta__title elementor-cta__content-item elementor-content-item\">\n\t\t\t\t\t\tOnline presence\t\t\t\t\t<\/h2>\n\t\t\t\t\n\t\t\t\t\t\t\t\t\t<div class=\"elementor-cta__description elementor-cta__content-item elementor-content-item\">\n\t\t\t\t\t\tThe website has been modernized and clearly structured, ensuring optimal presentation of products and services. Visitors can quickly get an overview and find their way around without detours.\t\t\t\t\t<\/div>\n\t\t\t\t\n\t\t\t\t\t\t\t<\/div>\n\t\t\t\t\t\t<\/div>\n\t\t\t\t\t\t<\/div>\n\t\t\t\t<\/div>\n\t\t\t\t<\/div>\n\t\t<div data-particle_enable=\"false\" data-particle-mobile-disabled=\"false\" class=\"elementor-element elementor-element-5061ef9 e-con-full e-flex elementor-invisible e-con e-child\" data-id=\"5061ef9\" data-element_type=\"container\" data-e-type=\"container\" data-settings=\"{&quot;background_background&quot;:&quot;gradient&quot;,&quot;animation&quot;:&quot;fadeInUp&quot;}\">\n\t\t\t\t<div class=\"elementor-element elementor-element-50283df elementor-cta--valign-middle elementor-cta--skin-classic elementor-animated-content elementor-bg-transform elementor-bg-transform-zoom-in elementor-widget elementor-widget-call-to-action\" data-id=\"50283df\" data-element_type=\"widget\" data-e-type=\"widget\" data-widget_type=\"call-to-action.default\">\n\t\t\t\t<div class=\"elementor-widget-container\">\n\t\t\t\t\t\t\t<div class=\"elementor-cta\">\n\t\t\t\t\t\t\t<div class=\"elementor-cta__content\">\n\t\t\t\t\n\t\t\t\t\t\t\t\t\t<h2 class=\"elementor-cta__title elementor-cta__content-item elementor-content-item\">\n\t\t\t\t\t\tMobile UX\t\t\t\t\t<\/h2>\n\t\t\t\t\n\t\t\t\t\t\t\t\t\t<div class=\"elementor-cta__description elementor-cta__content-item elementor-content-item\">\n\t\t\t\t\t\tSince many users are on the go, the website has been fully optimized for smartphones. Content loads quickly and products can be easily accessed and viewed at any time.\t\t\t\t\t<\/div>\n\t\t\t\t\n\t\t\t\t\t\t\t<\/div>\n\t\t\t\t\t\t<\/div>\n\t\t\t\t\t\t<\/div>\n\t\t\t\t<\/div>\n\t\t\t\t<\/div>\n\t\t<div data-particle_enable=\"false\" data-particle-mobile-disabled=\"false\" class=\"elementor-element elementor-element-4d9aef6 e-con-full e-flex elementor-invisible e-con e-child\" data-id=\"4d9aef6\" data-element_type=\"container\" data-e-type=\"container\" data-settings=\"{&quot;background_background&quot;:&quot;gradient&quot;,&quot;animation&quot;:&quot;fadeInUp&quot;}\">\n\t\t\t\t<div class=\"elementor-element elementor-element-c7bdbc7 elementor-cta--valign-middle elementor-cta--skin-classic elementor-animated-content elementor-bg-transform elementor-bg-transform-zoom-in elementor-widget elementor-widget-call-to-action\" data-id=\"c7bdbc7\" data-element_type=\"widget\" data-e-type=\"widget\" data-widget_type=\"call-to-action.default\">\n\t\t\t\t<div class=\"elementor-widget-container\">\n\t\t\t\t\t\t\t<div class=\"elementor-cta\">\n\t\t\t\t\t\t\t<div class=\"elementor-cta__content\">\n\t\t\t\t\n\t\t\t\t\t\t\t\t\t<h2 class=\"elementor-cta__title elementor-cta__content-item elementor-content-item\">\n\t\t\t\t\t\tConversion boost\t\t\t\t\t<\/h2>\n\t\t\t\t\n\t\t\t\t\t\t\t\t\t<div class=\"elementor-cta__description elementor-cta__content-item elementor-content-item\">\n\t\t\t\t\t\tA clear ordering process and targeted product presentation ensure that visitors buy faster. This directly turns interest into revenue and sustainably increases online sales.\t\t\t\t\t<\/div>\n\t\t\t\t\n\t\t\t\t\t\t\t<\/div>\n\t\t\t\t\t\t<\/div>\n\t\t\t\t\t\t<\/div>\n\t\t\t\t<\/div>\n\t\t\t\t<\/div>\n\t\t\t\t<\/div>\n\t\t\t\t<\/div>\n\t\t\t\t\t<\/div>\n\t\t\t\t<\/div>\n\t\t<div data-particle_enable=\"false\" data-particle-mobile-disabled=\"false\" class=\"elementor-element elementor-element-c272d0c e-flex e-con-boxed e-con e-parent\" data-id=\"c272d0c\" data-element_type=\"container\" data-e-type=\"container\">\n\t\t\t\t\t<div class=\"e-con-inner\">\n\t\t\t\t<div class=\"elementor-element elementor-element-699248d elementor-invisible elementor-widget elementor-widget-text-editor\" data-id=\"699248d\" data-element_type=\"widget\" data-e-type=\"widget\" data-settings=\"{&quot;_animation&quot;:&quot;fadeInUp&quot;}\" data-widget_type=\"text-editor.default\">\n\t\t\t\t<div class=\"elementor-widget-container\">\n\t\t\t\t\t\t\t\t\t<p data-start=\"1973\" data-end=\"2171\">A modern online shop and an optimized website ensure greater visibility, more trust, and significantly more sales.<\/p>\t\t\t\t\t\t\t\t<\/div>\n\t\t\t\t<\/div>\n\t\t\t\t<div class=\"elementor-element elementor-element-ab651a6 elementor-align-left elementor-mobile-align-center elementor-widget elementor-widget-global elementor-global-12679 elementor-widget-button\" data-id=\"ab651a6\" data-element_type=\"widget\" data-e-type=\"widget\" data-settings=\"{&quot;_animation_mobile&quot;:&quot;fadeInUp&quot;}\" data-widget_type=\"button.default\">\n\t\t\t\t<div class=\"elementor-widget-container\">\n\t\t\t\t\t\t\t\t\t<div class=\"elementor-button-wrapper\">\n\t\t\t\t\t<a class=\"elementor-button elementor-button-link elementor-size-md elementor-animation-float\" href=\"#elementor-action%3Aaction%3Dpopup%3Aopen%26settings%3DeyJpZCI6IjYwMTMiLCJ0b2dnbGUiOmZhbHNlfQ%3D%3D\">\n\t\t\t\t\t\t<span class=\"elementor-button-content-wrapper\">\n\t\t\t\t\t\t\t\t\t<span class=\"elementor-button-text\">Arrange initial meeting now<\/span>\n\t\t\t\t\t<\/span>\n\t\t\t\t\t<\/a>\n\t\t\t\t<\/div>\n\t\t\t\t\t\t\t\t<\/div>\n\t\t\t\t<\/div>\n\t\t\t\t\t<\/div>\n\t\t\t\t<\/div>\n\t\t\t\t<\/div>","protected":false},"excerpt":{"rendered":"<p>\u201eOnlineshop f\u00fcr Juwelier erstellen: Mehr Verk\u00e4ufe f\u00fcr Gold Heinrich\u201c 12. November 2024 Webseite besuchen Unser Service F\u00fcr deinen Web-Auftritt Einen Onlineshop f\u00fcr den Juwelier Gold Heinrich zu erstellen bedeutet, einen modernen Webauftritt zu entwickeln, der Produkte optimal pr\u00e4sentiert und gleichzeitig mehr Verk\u00e4ufe generiert. Neben dem neuen Onlineshop wurde auch die bestehende Webseite gezielt \u00fcberarbeitet, sodass [&hellip;]<\/p>\n","protected":false},"author":1,"featured_media":0,"parent":0,"menu_order":0,"comment_status":"closed","ping_status":"closed","template":"","meta":{"footnotes":""},"class_list":["post-14310","page","type-page","status-publish","hentry"],"yoast_head":"<!-- This site is optimized with the Yoast SEO plugin v27.4 - https:\/\/yoast.com\/product\/yoast-seo-wordpress\/ -->\n<title>Onlineshop Juwelier erstellen \u2013 Mehr Verk\u00e4ufe durch modernes Design<\/title>\n<meta name=\"description\" content=\"Onlineshop Juwelier erstellen: Mehr Verk\u00e4ufe durch modernes Design, klare Struktur und optimierte Nutzerf\u00fchrung f\u00fcr bessere Conversion.\" \/>\n<meta name=\"robots\" content=\"index, follow, max-snippet:-1, max-image-preview:large, max-video-preview:-1\" \/>\n<link rel=\"canonical\" href=\"https:\/\/www.marketingbrand.de\/en\/referenz-juwelier-gold-heinrich\/\" \/>\n<meta property=\"og:locale\" content=\"en_US\" \/>\n<meta property=\"og:type\" content=\"article\" \/>\n<meta property=\"og:title\" content=\"Onlineshop Juwelier erstellen \u2013 Mehr Verk\u00e4ufe durch modernes Design\" \/>\n<meta property=\"og:description\" content=\"Onlineshop Juwelier erstellen: Mehr Verk\u00e4ufe durch modernes Design, klare Struktur und optimierte Nutzerf\u00fchrung f\u00fcr bessere Conversion.\" \/>\n<meta property=\"og:url\" content=\"https:\/\/www.marketingbrand.de\/en\/referenz-juwelier-gold-heinrich\/\" \/>\n<meta property=\"og:site_name\" content=\"Marketing-Brand\u00ae \u2013 Webdesign &amp; Social Media Agentur aus Pforzheim\" \/>\n<meta property=\"article:publisher\" content=\"https:\/\/www.facebook.com\/marketingbrand.llc\" \/>\n<meta property=\"article:modified_time\" content=\"2026-04-22T18:37:45+00:00\" \/>\n<meta property=\"og:image\" content=\"https:\/\/www.marketingbrand.de\/wp-content\/uploads\/2026\/04\/MB-Referenz-Unterseiten-Gold-Heinrich-1024x768.jpg\" \/>\n\t<meta property=\"og:image:width\" content=\"1024\" \/>\n\t<meta property=\"og:image:height\" content=\"768\" \/>\n\t<meta property=\"og:image:type\" content=\"image\/jpeg\" \/>\n<meta name=\"twitter:card\" content=\"summary_large_image\" \/>\n<meta name=\"twitter:label1\" content=\"Est. reading time\" \/>\n\t<meta name=\"twitter:data1\" content=\"2 minutes\" \/>\n<script type=\"application\/ld+json\" class=\"yoast-schema-graph\">{\"@context\":\"https:\\\/\\\/schema.org\",\"@graph\":[{\"@type\":\"WebPage\",\"@id\":\"https:\\\/\\\/www.marketingbrand.de\\\/referenz-juwelier-gold-heinrich\\\/\",\"url\":\"https:\\\/\\\/www.marketingbrand.de\\\/referenz-juwelier-gold-heinrich\\\/\",\"name\":\"Onlineshop Juwelier erstellen \u2013 Mehr Verk\u00e4ufe durch modernes Design\",\"isPartOf\":{\"@id\":\"https:\\\/\\\/www.marketingbrand.de\\\/#website\"},\"primaryImageOfPage\":{\"@id\":\"https:\\\/\\\/www.marketingbrand.de\\\/referenz-juwelier-gold-heinrich\\\/#primaryimage\"},\"image\":{\"@id\":\"https:\\\/\\\/www.marketingbrand.de\\\/referenz-juwelier-gold-heinrich\\\/#primaryimage\"},\"thumbnailUrl\":\"https:\\\/\\\/www.marketingbrand.de\\\/wp-content\\\/uploads\\\/2026\\\/04\\\/MB-Referenz-Unterseiten-Gold-Heinrich.jpg\",\"datePublished\":\"2026-04-22T11:18:09+00:00\",\"dateModified\":\"2026-04-22T18:37:45+00:00\",\"description\":\"Onlineshop Juwelier erstellen: Mehr Verk\u00e4ufe durch modernes Design, klare Struktur und optimierte Nutzerf\u00fchrung f\u00fcr bessere Conversion.\",\"breadcrumb\":{\"@id\":\"https:\\\/\\\/www.marketingbrand.de\\\/referenz-juwelier-gold-heinrich\\\/#breadcrumb\"},\"inLanguage\":\"en-US\",\"potentialAction\":[{\"@type\":\"ReadAction\",\"target\":[\"https:\\\/\\\/www.marketingbrand.de\\\/referenz-juwelier-gold-heinrich\\\/\"]}]},{\"@type\":\"ImageObject\",\"inLanguage\":\"en-US\",\"@id\":\"https:\\\/\\\/www.marketingbrand.de\\\/referenz-juwelier-gold-heinrich\\\/#primaryimage\",\"url\":\"https:\\\/\\\/www.marketingbrand.de\\\/wp-content\\\/uploads\\\/2026\\\/04\\\/MB-Referenz-Unterseiten-Gold-Heinrich.jpg\",\"contentUrl\":\"https:\\\/\\\/www.marketingbrand.de\\\/wp-content\\\/uploads\\\/2026\\\/04\\\/MB-Referenz-Unterseiten-Gold-Heinrich.jpg\"},{\"@type\":\"BreadcrumbList\",\"@id\":\"https:\\\/\\\/www.marketingbrand.de\\\/referenz-juwelier-gold-heinrich\\\/#breadcrumb\",\"itemListElement\":[{\"@type\":\"ListItem\",\"position\":1,\"name\":\"Startseite\",\"item\":\"https:\\\/\\\/www.marketingbrand.de\\\/\"},{\"@type\":\"ListItem\",\"position\":2,\"name\":\"Referenz Juwelier Gold Heinrich\"}]},{\"@type\":\"WebSite\",\"@id\":\"https:\\\/\\\/www.marketingbrand.de\\\/#website\",\"url\":\"https:\\\/\\\/www.marketingbrand.de\\\/\",\"name\":\"Marketing-Brand\u00ae \u2013 Webdesign &amp; Social Media Agentur aus Pforzheim\",\"description\":\"Webseiten-Optimierung, Social Media Marketing &amp; Content-Strategien f\u00fcr kleine und mittelst\u00e4ndische Unternehmen.\",\"publisher\":{\"@id\":\"https:\\\/\\\/www.marketingbrand.de\\\/#organization\"},\"potentialAction\":[{\"@type\":\"SearchAction\",\"target\":{\"@type\":\"EntryPoint\",\"urlTemplate\":\"https:\\\/\\\/www.marketingbrand.de\\\/?s={search_term_string}\"},\"query-input\":{\"@type\":\"PropertyValueSpecification\",\"valueRequired\":true,\"valueName\":\"search_term_string\"}}],\"inLanguage\":\"en-US\"},{\"@type\":\"Organization\",\"@id\":\"https:\\\/\\\/www.marketingbrand.de\\\/#organization\",\"name\":\"Marketing-Brand\",\"url\":\"https:\\\/\\\/www.marketingbrand.de\\\/\",\"logo\":{\"@type\":\"ImageObject\",\"inLanguage\":\"en-US\",\"@id\":\"https:\\\/\\\/www.marketingbrand.de\\\/#\\\/schema\\\/logo\\\/image\\\/\",\"url\":\"https:\\\/\\\/www.marketingbrand.de\\\/wp-content\\\/uploads\\\/2020\\\/12\\\/Design-ohne-Titel.png\",\"contentUrl\":\"https:\\\/\\\/www.marketingbrand.de\\\/wp-content\\\/uploads\\\/2020\\\/12\\\/Design-ohne-Titel.png\",\"width\":1080,\"height\":1080,\"caption\":\"Marketing-Brand\"},\"image\":{\"@id\":\"https:\\\/\\\/www.marketingbrand.de\\\/#\\\/schema\\\/logo\\\/image\\\/\"},\"sameAs\":[\"https:\\\/\\\/www.facebook.com\\\/marketingbrand.llc\",\"https:\\\/\\\/instagram.com\\\/marketingbrand.llc?igshid=NWRhNmQxMjQ\"]}]}<\/script>\n<!-- \/ Yoast SEO plugin. -->","yoast_head_json":{"title":"Create Online Jewelry Shop - More Sales Through Modern Design","description":"Create an online jewelry shop: More sales through modern design, clear structure, and optimized user guidance for better conversion.","robots":{"index":"index","follow":"follow","max-snippet":"max-snippet:-1","max-image-preview":"max-image-preview:large","max-video-preview":"max-video-preview:-1"},"canonical":"https:\/\/www.marketingbrand.de\/en\/referenz-juwelier-gold-heinrich\/","og_locale":"en_US","og_type":"article","og_title":"Onlineshop Juwelier erstellen \u2013 Mehr Verk\u00e4ufe durch modernes Design","og_description":"Onlineshop Juwelier erstellen: Mehr Verk\u00e4ufe durch modernes Design, klare Struktur und optimierte Nutzerf\u00fchrung f\u00fcr bessere Conversion.","og_url":"https:\/\/www.marketingbrand.de\/en\/referenz-juwelier-gold-heinrich\/","og_site_name":"Marketing-Brand\u00ae \u2013 Webdesign &amp; Social Media Agentur aus Pforzheim","article_publisher":"https:\/\/www.facebook.com\/marketingbrand.llc","article_modified_time":"2026-04-22T18:37:45+00:00","og_image":[{"width":1024,"height":768,"url":"https:\/\/www.marketingbrand.de\/wp-content\/uploads\/2026\/04\/MB-Referenz-Unterseiten-Gold-Heinrich-1024x768.jpg","type":"image\/jpeg"}],"twitter_card":"summary_large_image","twitter_misc":{"Est. reading time":"2 minutes"},"schema":{"@context":"https:\/\/schema.org","@graph":[{"@type":"WebPage","@id":"https:\/\/www.marketingbrand.de\/referenz-juwelier-gold-heinrich\/","url":"https:\/\/www.marketingbrand.de\/referenz-juwelier-gold-heinrich\/","name":"Create Online Jewelry Shop - More Sales Through Modern Design","isPartOf":{"@id":"https:\/\/www.marketingbrand.de\/#website"},"primaryImageOfPage":{"@id":"https:\/\/www.marketingbrand.de\/referenz-juwelier-gold-heinrich\/#primaryimage"},"image":{"@id":"https:\/\/www.marketingbrand.de\/referenz-juwelier-gold-heinrich\/#primaryimage"},"thumbnailUrl":"https:\/\/www.marketingbrand.de\/wp-content\/uploads\/2026\/04\/MB-Referenz-Unterseiten-Gold-Heinrich.jpg","datePublished":"2026-04-22T11:18:09+00:00","dateModified":"2026-04-22T18:37:45+00:00","description":"Create an online jewelry shop: More sales through modern design, clear structure, and optimized user guidance for better conversion.","breadcrumb":{"@id":"https:\/\/www.marketingbrand.de\/referenz-juwelier-gold-heinrich\/#breadcrumb"},"inLanguage":"en-US","potentialAction":[{"@type":"ReadAction","target":["https:\/\/www.marketingbrand.de\/referenz-juwelier-gold-heinrich\/"]}]},{"@type":"ImageObject","inLanguage":"en-US","@id":"https:\/\/www.marketingbrand.de\/referenz-juwelier-gold-heinrich\/#primaryimage","url":"https:\/\/www.marketingbrand.de\/wp-content\/uploads\/2026\/04\/MB-Referenz-Unterseiten-Gold-Heinrich.jpg","contentUrl":"https:\/\/www.marketingbrand.de\/wp-content\/uploads\/2026\/04\/MB-Referenz-Unterseiten-Gold-Heinrich.jpg"},{"@type":"BreadcrumbList","@id":"https:\/\/www.marketingbrand.de\/referenz-juwelier-gold-heinrich\/#breadcrumb","itemListElement":[{"@type":"ListItem","position":1,"name":"Startseite","item":"https:\/\/www.marketingbrand.de\/"},{"@type":"ListItem","position":2,"name":"Referenz Juwelier Gold Heinrich"}]},{"@type":"WebSite","@id":"https:\/\/www.marketingbrand.de\/#website","url":"https:\/\/www.marketingbrand.de\/","name":"Marketing-Brand\u00ae - Webdesign &amp; Social Media Agency from Pforzheim","description":"Website optimization, social media marketing &amp; content strategies for small and medium-sized companies.","publisher":{"@id":"https:\/\/www.marketingbrand.de\/#organization"},"potentialAction":[{"@type":"SearchAction","target":{"@type":"EntryPoint","urlTemplate":"https:\/\/www.marketingbrand.de\/?s={search_term_string}"},"query-input":{"@type":"PropertyValueSpecification","valueRequired":true,"valueName":"search_term_string"}}],"inLanguage":"en-US"},{"@type":"Organization","@id":"https:\/\/www.marketingbrand.de\/#organization","name":"Marketing Brand","url":"https:\/\/www.marketingbrand.de\/","logo":{"@type":"ImageObject","inLanguage":"en-US","@id":"https:\/\/www.marketingbrand.de\/#\/schema\/logo\/image\/","url":"https:\/\/www.marketingbrand.de\/wp-content\/uploads\/2020\/12\/Design-ohne-Titel.png","contentUrl":"https:\/\/www.marketingbrand.de\/wp-content\/uploads\/2020\/12\/Design-ohne-Titel.png","width":1080,"height":1080,"caption":"Marketing-Brand"},"image":{"@id":"https:\/\/www.marketingbrand.de\/#\/schema\/logo\/image\/"},"sameAs":["https:\/\/www.facebook.com\/marketingbrand.llc","https:\/\/instagram.com\/marketingbrand.llc?igshid=NWRhNmQxMjQ"]}]}},"_links":{"self":[{"href":"https:\/\/www.marketingbrand.de\/en\/wp-json\/wp\/v2\/pages\/14310","targetHints":{"allow":["GET"]}}],"collection":[{"href":"https:\/\/www.marketingbrand.de\/en\/wp-json\/wp\/v2\/pages"}],"about":[{"href":"https:\/\/www.marketingbrand.de\/en\/wp-json\/wp\/v2\/types\/page"}],"author":[{"embeddable":true,"href":"https:\/\/www.marketingbrand.de\/en\/wp-json\/wp\/v2\/users\/1"}],"replies":[{"embeddable":true,"href":"https:\/\/www.marketingbrand.de\/en\/wp-json\/wp\/v2\/comments?post=14310"}],"version-history":[{"count":0,"href":"https:\/\/www.marketingbrand.de\/en\/wp-json\/wp\/v2\/pages\/14310\/revisions"}],"wp:attachment":[{"href":"https:\/\/www.marketingbrand.de\/en\/wp-json\/wp\/v2\/media?parent=14310"}],"curies":[{"name":"wp","href":"https:\/\/api.w.org\/{rel}","templated":true}]}}