{"id":14237,"date":"2026-04-21T15:11:34","date_gmt":"2026-04-21T13:11:34","guid":{"rendered":"https:\/\/www.marketingbrand.de\/?page_id=14237"},"modified":"2026-04-22T20:58:32","modified_gmt":"2026-04-22T18:58:32","slug":"referenz-christian-polanc","status":"publish","type":"page","link":"https:\/\/www.marketingbrand.de\/en\/referenz-christian-polanc\/","title":{"rendered":"Reference Christian Polanc"},"content":{"rendered":"<div data-elementor-type=\"wp-page\" data-elementor-id=\"14237\" class=\"elementor elementor-14237\" data-elementor-post-type=\"page\">\n\t\t\t\t<div data-particle_enable=\"false\" data-particle-mobile-disabled=\"false\" class=\"elementor-element elementor-element-8bdbc94 e-flex e-con-boxed e-con e-parent\" data-id=\"8bdbc94\" data-element_type=\"container\" data-e-type=\"container\" data-settings=\"{&quot;background_background&quot;:&quot;classic&quot;}\">\n\t\t\t\t\t<div class=\"e-con-inner\">\n\t\t<div data-particle_enable=\"false\" data-particle-mobile-disabled=\"false\" class=\"elementor-element elementor-element-c54fc47 e-con-full e-flex elementor-invisible e-con e-child\" data-id=\"c54fc47\" data-element_type=\"container\" data-e-type=\"container\" data-settings=\"{&quot;animation&quot;:&quot;slideInLeft&quot;}\">\n\t\t\t\t<div class=\"elementor-element elementor-element-2896407 elementor-invisible elementor-widget elementor-widget-heading\" data-id=\"2896407\" data-element_type=\"widget\" data-e-type=\"widget\" data-settings=\"{&quot;_animation&quot;:&quot;fadeInLeft&quot;}\" data-widget_type=\"heading.default\">\n\t\t\t\t<div class=\"elementor-widget-container\">\n\t\t\t\t\t<h2 class=\"elementor-heading-title elementor-size-default\">\u201eCreate a Podcast Website: More Reach for Christian Polanc\u201c<\/h2>\t\t\t\t<\/div>\n\t\t\t\t<\/div>\n\t\t\t\t<div class=\"elementor-element elementor-element-23b2e69 elementor-invisible elementor-widget elementor-widget-heading\" data-id=\"23b2e69\" data-element_type=\"widget\" data-e-type=\"widget\" data-settings=\"{&quot;_animation&quot;:&quot;fadeInLeft&quot;}\" data-widget_type=\"heading.default\">\n\t\t\t\t<div class=\"elementor-widget-container\">\n\t\t\t\t\t<h2 class=\"elementor-heading-title elementor-size-default\">February 29, 2024<\/h2>\t\t\t\t<\/div>\n\t\t\t\t<\/div>\n\t\t\t\t<div class=\"elementor-element elementor-element-c2fd682 elementor-align-left elementor-mobile-align-justify animated-slow elementor-invisible elementor-widget elementor-widget-button\" data-id=\"c2fd682\" data-element_type=\"widget\" data-e-type=\"widget\" data-settings=\"{&quot;_animation_mobile&quot;:&quot;fadeInUp&quot;,&quot;_animation&quot;:&quot;fadeInLeft&quot;}\" data-widget_type=\"button.default\">\n\t\t\t\t<div class=\"elementor-widget-container\">\n\t\t\t\t\t\t\t\t\t<div class=\"elementor-button-wrapper\">\n\t\t\t\t\t<a class=\"elementor-button elementor-button-link elementor-size-md\" href=\"https:\/\/www.letstalkpodcast.de\" target=\"_blank\">\n\t\t\t\t\t\t<span class=\"elementor-button-content-wrapper\">\n\t\t\t\t\t\t<span class=\"elementor-button-icon\">\n\t\t\t\t<i aria-hidden=\"true\" class=\"fas fa-link\"><\/i>\t\t\t<\/span>\n\t\t\t\t\t\t\t\t\t<span class=\"elementor-button-text\">Visit Site<\/span>\n\t\t\t\t\t<\/span>\n\t\t\t\t\t<\/a>\n\t\t\t\t<\/div>\n\t\t\t\t\t\t\t\t<\/div>\n\t\t\t\t<\/div>\n\t\t\t\t<\/div>\n\t\t<div data-particle_enable=\"false\" data-particle-mobile-disabled=\"false\" class=\"elementor-element elementor-element-db549c8 e-con-full e-flex e-con e-child\" data-id=\"db549c8\" data-element_type=\"container\" data-e-type=\"container\">\n\t\t\t\t<div class=\"elementor-element elementor-element-26ce8bb elementor-invisible elementor-widget elementor-widget-image\" data-id=\"26ce8bb\" data-element_type=\"widget\" data-e-type=\"widget\" data-settings=\"{&quot;_animation&quot;:&quot;slideInRight&quot;}\" data-widget_type=\"image.default\">\n\t\t\t\t<div class=\"elementor-widget-container\">\n\t\t\t\t\t\t\t\t\t\t\t\t\t\t\t\t<a href=\"https:\/\/www.letstalkpodcast.de\" target=\"_blank\">\n\t\t\t\t\t\t\t<img fetchpriority=\"high\" decoding=\"async\" width=\"2560\" height=\"1920\" src=\"https:\/\/www.marketingbrand.de\/wp-content\/uploads\/2026\/04\/MB-Referenz-Unterseiten-Christian-Polanc-1.jpg\" class=\"attachment-full size-full wp-image-14243\" alt=\"\" srcset=\"https:\/\/www.marketingbrand.de\/wp-content\/uploads\/2026\/04\/MB-Referenz-Unterseiten-Christian-Polanc-1.jpg 2560w, https:\/\/www.marketingbrand.de\/wp-content\/uploads\/2026\/04\/MB-Referenz-Unterseiten-Christian-Polanc-1-300x225.jpg 300w, https:\/\/www.marketingbrand.de\/wp-content\/uploads\/2026\/04\/MB-Referenz-Unterseiten-Christian-Polanc-1-1024x768.jpg 1024w, https:\/\/www.marketingbrand.de\/wp-content\/uploads\/2026\/04\/MB-Referenz-Unterseiten-Christian-Polanc-1-768x576.jpg 768w, https:\/\/www.marketingbrand.de\/wp-content\/uploads\/2026\/04\/MB-Referenz-Unterseiten-Christian-Polanc-1-1536x1152.jpg 1536w, https:\/\/www.marketingbrand.de\/wp-content\/uploads\/2026\/04\/MB-Referenz-Unterseiten-Christian-Polanc-1-2048x1536.jpg 2048w, https:\/\/www.marketingbrand.de\/wp-content\/uploads\/2026\/04\/MB-Referenz-Unterseiten-Christian-Polanc-1-16x12.jpg 16w, https:\/\/www.marketingbrand.de\/wp-content\/uploads\/2026\/04\/MB-Referenz-Unterseiten-Christian-Polanc-1-67x50.jpg 67w\" sizes=\"(max-width: 2560px) 100vw, 2560px\" \/>\t\t\t\t\t\t\t\t<\/a>\n\t\t\t\t\t\t\t\t\t\t\t\t\t\t\t<\/div>\n\t\t\t\t<\/div>\n\t\t\t\t<\/div>\n\t\t\t\t\t<\/div>\n\t\t\t\t<\/div>\n\t\t<div data-particle_enable=\"false\" data-particle-mobile-disabled=\"false\" class=\"elementor-element elementor-element-5b47054 e-flex e-con-boxed e-con e-parent\" data-id=\"5b47054\" data-element_type=\"container\" data-e-type=\"container\">\n\t\t\t\t\t<div class=\"e-con-inner\">\n\t\t<div data-particle_enable=\"false\" data-particle-mobile-disabled=\"false\" class=\"elementor-element elementor-element-9240f82 e-con-full e-flex e-con e-child\" data-id=\"9240f82\" data-element_type=\"container\" data-e-type=\"container\">\n\t\t\t\t<div class=\"elementor-element elementor-element-81f32f1 elementor-widget__width-inherit elementor-invisible elementor-widget elementor-widget-heading\" data-id=\"81f32f1\" data-element_type=\"widget\" data-e-type=\"widget\" data-settings=\"{&quot;_animation&quot;:&quot;slideInUp&quot;}\" data-widget_type=\"heading.default\">\n\t\t\t\t<div class=\"elementor-widget-container\">\n\t\t\t\t\t<h2 class=\"elementor-heading-title elementor-size-default\">Our service<\/h2>\t\t\t\t<\/div>\n\t\t\t\t<\/div>\n\t\t\t\t<div class=\"elementor-element elementor-element-3959c9f elementor-widget__width-initial elementor-widget-tablet__width-inherit elementor-invisible elementor-widget elementor-widget-heading\" data-id=\"3959c9f\" data-element_type=\"widget\" data-e-type=\"widget\" data-settings=\"{&quot;_animation&quot;:&quot;slideInUp&quot;}\" data-widget_type=\"heading.default\">\n\t\t\t\t<div class=\"elementor-widget-container\">\n\t\t\t\t\t<h2 class=\"elementor-heading-title elementor-size-default\">For your web presence<\/h2>\t\t\t\t<\/div>\n\t\t\t\t<\/div>\n\t\t\t\t<div class=\"elementor-element elementor-element-98339cc elementor-widget__width-initial elementor-widget-tablet__width-inherit elementor-invisible elementor-widget elementor-widget-text-editor\" data-id=\"98339cc\" data-element_type=\"widget\" data-e-type=\"widget\" data-settings=\"{&quot;_animation&quot;:&quot;fadeInRight&quot;}\" data-widget_type=\"text-editor.default\">\n\t\t\t\t<div class=\"elementor-widget-container\">\n\t\t\t\t\t\t\t\t\t<p data-start=\"435\" data-end=\"644\">Creating a podcast website for Christian Polanc's \u201eLet's Talk\u201c podcast means developing a modern platform that showcases the podcast professionally while also attracting new listeners.<\/p><p data-start=\"646\" data-end=\"914\">The goal was clear: the podcast website should bundle all content clearly and allow visitors quick access to the latest episodes. At the same time, the site strengthens the external image and ensures a consistent, high-quality presence.<\/p><p data-start=\"916\" data-end=\"1127\">Thanks to a clear structure, modern design, and simple user guidance, visitors will find their way around immediately. This not only improves content perception but also leads to significantly more plays.<\/p><p data-start=\"1129\" data-end=\"1298\">A well-thought-out podcast website implementation also ensures that content remains visible long-term and that new listeners are continuously reached.<\/p>\t\t\t\t\t\t\t\t<\/div>\n\t\t\t\t<\/div>\n\t\t<div data-particle_enable=\"false\" data-particle-mobile-disabled=\"false\" class=\"elementor-element elementor-element-dc3163a e-con-full e-flex e-con e-child\" data-id=\"dc3163a\" data-element_type=\"container\" data-e-type=\"container\">\n\t\t<div data-particle_enable=\"false\" data-particle-mobile-disabled=\"false\" class=\"elementor-element elementor-element-9c2b85a e-con-full e-flex elementor-invisible e-con e-child\" data-id=\"9c2b85a\" data-element_type=\"container\" data-e-type=\"container\" data-settings=\"{&quot;background_background&quot;:&quot;gradient&quot;,&quot;animation&quot;:&quot;fadeInUp&quot;}\">\n\t\t\t\t<div class=\"elementor-element elementor-element-2a70d5d elementor-cta--valign-middle elementor-cta--skin-classic elementor-animated-content elementor-bg-transform elementor-bg-transform-zoom-in elementor-widget elementor-widget-call-to-action\" data-id=\"2a70d5d\" data-element_type=\"widget\" data-e-type=\"widget\" data-widget_type=\"call-to-action.default\">\n\t\t\t\t<div class=\"elementor-widget-container\">\n\t\t\t\t\t\t\t<div class=\"elementor-cta\">\n\t\t\t\t\t\t\t<div class=\"elementor-cta__content\">\n\t\t\t\t\n\t\t\t\t\t\t\t\t\t<h2 class=\"elementor-cta__title elementor-cta__content-item elementor-content-item\">\n\t\t\t\t\t\tOnline presence\t\t\t\t\t<\/h2>\n\t\t\t\t\n\t\t\t\t\t\t\t\t\t<div class=\"elementor-cta__description elementor-cta__content-item elementor-content-item\">\n\t\t\t\t\t\tThe podcast website bundles all content in one place, ensuring a clear and professional appearance. Visitors can quickly find the latest episodes while also getting a simple overview of the entire format.\t\t\t\t\t<\/div>\n\t\t\t\t\n\t\t\t\t\t\t\t<\/div>\n\t\t\t\t\t\t<\/div>\n\t\t\t\t\t\t<\/div>\n\t\t\t\t<\/div>\n\t\t\t\t<\/div>\n\t\t<div data-particle_enable=\"false\" data-particle-mobile-disabled=\"false\" class=\"elementor-element elementor-element-5061ef9 e-con-full e-flex elementor-invisible e-con e-child\" data-id=\"5061ef9\" data-element_type=\"container\" data-e-type=\"container\" data-settings=\"{&quot;background_background&quot;:&quot;gradient&quot;,&quot;animation&quot;:&quot;fadeInUp&quot;}\">\n\t\t\t\t<div class=\"elementor-element elementor-element-50283df elementor-cta--valign-middle elementor-cta--skin-classic elementor-animated-content elementor-bg-transform elementor-bg-transform-zoom-in elementor-widget elementor-widget-call-to-action\" data-id=\"50283df\" data-element_type=\"widget\" data-e-type=\"widget\" data-widget_type=\"call-to-action.default\">\n\t\t\t\t<div class=\"elementor-widget-container\">\n\t\t\t\t\t\t\t<div class=\"elementor-cta\">\n\t\t\t\t\t\t\t<div class=\"elementor-cta__content\">\n\t\t\t\t\n\t\t\t\t\t\t\t\t\t<h2 class=\"elementor-cta__title elementor-cta__content-item elementor-content-item\">\n\t\t\t\t\t\tMobile UX\t\t\t\t\t<\/h2>\n\t\t\t\t\n\t\t\t\t\t\t\t\t\t<div class=\"elementor-cta__description elementor-cta__content-item elementor-content-item\">\n\t\t\t\t\t\tSince podcasts are predominantly listened to on mobile devices, the website has been specifically optimized for smartphones. Content loads quickly and users can find their way around immediately, allowing them to easily access all episodes at any time.\t\t\t\t\t<\/div>\n\t\t\t\t\n\t\t\t\t\t\t\t<\/div>\n\t\t\t\t\t\t<\/div>\n\t\t\t\t\t\t<\/div>\n\t\t\t\t<\/div>\n\t\t\t\t<\/div>\n\t\t<div data-particle_enable=\"false\" data-particle-mobile-disabled=\"false\" class=\"elementor-element elementor-element-4d9aef6 e-con-full e-flex elementor-invisible e-con e-child\" data-id=\"4d9aef6\" data-element_type=\"container\" data-e-type=\"container\" data-settings=\"{&quot;background_background&quot;:&quot;gradient&quot;,&quot;animation&quot;:&quot;fadeInUp&quot;}\">\n\t\t\t\t<div class=\"elementor-element elementor-element-c7bdbc7 elementor-cta--valign-middle elementor-cta--skin-classic elementor-animated-content elementor-bg-transform elementor-bg-transform-zoom-in elementor-widget elementor-widget-call-to-action\" data-id=\"c7bdbc7\" data-element_type=\"widget\" data-e-type=\"widget\" data-widget_type=\"call-to-action.default\">\n\t\t\t\t<div class=\"elementor-widget-container\">\n\t\t\t\t\t\t\t<div class=\"elementor-cta\">\n\t\t\t\t\t\t\t<div class=\"elementor-cta__content\">\n\t\t\t\t\n\t\t\t\t\t\t\t\t\t<h2 class=\"elementor-cta__title elementor-cta__content-item elementor-content-item\">\n\t\t\t\t\t\tConversion boost\t\t\t\t\t<\/h2>\n\t\t\t\t\n\t\t\t\t\t\t\t\t\t<div class=\"elementor-cta__description elementor-cta__content-item elementor-content-item\">\n\t\t\t\t\t\tClear structures and direct links ensure that visitors can quickly reach the respective platforms and consume content directly. This turns interested parties into active listeners, and reach grows continuously.\t\t\t\t\t<\/div>\n\t\t\t\t\n\t\t\t\t\t\t\t<\/div>\n\t\t\t\t\t\t<\/div>\n\t\t\t\t\t\t<\/div>\n\t\t\t\t<\/div>\n\t\t\t\t<\/div>\n\t\t\t\t<\/div>\n\t\t\t\t<\/div>\n\t\t\t\t\t<\/div>\n\t\t\t\t<\/div>\n\t\t<div data-particle_enable=\"false\" data-particle-mobile-disabled=\"false\" class=\"elementor-element elementor-element-c272d0c e-flex e-con-boxed e-con e-parent\" data-id=\"c272d0c\" data-element_type=\"container\" data-e-type=\"container\">\n\t\t\t\t\t<div class=\"e-con-inner\">\n\t\t\t\t<div class=\"elementor-element elementor-element-699248d elementor-invisible elementor-widget elementor-widget-text-editor\" data-id=\"699248d\" data-element_type=\"widget\" data-e-type=\"widget\" data-settings=\"{&quot;_animation&quot;:&quot;fadeInUp&quot;}\" data-widget_type=\"text-editor.default\">\n\t\t\t\t<div class=\"elementor-widget-container\">\n\t\t\t\t\t\t\t\t\t<p data-start=\"2235\" data-end=\"2348\">A modern podcast website increases visibility, strengthens the brand, and continuously brings in new listeners.<\/p>\t\t\t\t\t\t\t\t<\/div>\n\t\t\t\t<\/div>\n\t\t\t\t<div class=\"elementor-element elementor-element-ab651a6 elementor-align-left elementor-mobile-align-center elementor-widget elementor-widget-global elementor-global-12679 elementor-widget-button\" data-id=\"ab651a6\" data-element_type=\"widget\" data-e-type=\"widget\" data-settings=\"{&quot;_animation_mobile&quot;:&quot;fadeInUp&quot;}\" data-widget_type=\"button.default\">\n\t\t\t\t<div class=\"elementor-widget-container\">\n\t\t\t\t\t\t\t\t\t<div class=\"elementor-button-wrapper\">\n\t\t\t\t\t<a class=\"elementor-button elementor-button-link elementor-size-md elementor-animation-float\" href=\"#elementor-action%3Aaction%3Dpopup%3Aopen%26settings%3DeyJpZCI6IjYwMTMiLCJ0b2dnbGUiOmZhbHNlfQ%3D%3D\">\n\t\t\t\t\t\t<span class=\"elementor-button-content-wrapper\">\n\t\t\t\t\t\t\t\t\t<span class=\"elementor-button-text\">Arrange initial meeting now<\/span>\n\t\t\t\t\t<\/span>\n\t\t\t\t\t<\/a>\n\t\t\t\t<\/div>\n\t\t\t\t\t\t\t\t<\/div>\n\t\t\t\t<\/div>\n\t\t\t\t\t<\/div>\n\t\t\t\t<\/div>\n\t\t\t\t<\/div>","protected":false},"excerpt":{"rendered":"<p>\u201ePodcast Webseite erstellen: Mehr Reichweite f\u00fcr Christian Polanc\u201c 29. Februar 2024 Webseite besuchen Unser Service F\u00fcr deinen Web-Auftritt Eine Podcast Webseite erstellen f\u00fcr den \u201eLet\u2019s Talk\u201c-Podcast von Christian Polanc bedeutet, eine moderne Plattform zu entwickeln, die den Podcast professionell pr\u00e4sentiert und gleichzeitig neue H\u00f6rer anspricht. Dabei war das Ziel klar: Die Podcast Webseite sollte alle [&hellip;]<\/p>\n","protected":false},"author":1,"featured_media":0,"parent":0,"menu_order":0,"comment_status":"closed","ping_status":"closed","template":"","meta":{"footnotes":""},"class_list":["post-14237","page","type-page","status-publish","hentry"],"yoast_head":"<!-- This site is optimized with the Yoast SEO plugin v27.4 - https:\/\/yoast.com\/product\/yoast-seo-wordpress\/ -->\n<title>Podcast Webseite erstellen \u2013 Mehr Reichweite f\u00fcr Christian Polanc<\/title>\n<meta name=\"description\" content=\"Podcast Webseite erstellen: Moderner Auftritt f\u00fcr Christian Polanc, mehr Reichweite und klare Nutzerf\u00fchrung f\u00fcr neue H\u00f6rer.\" \/>\n<meta name=\"robots\" content=\"index, follow, max-snippet:-1, max-image-preview:large, max-video-preview:-1\" \/>\n<link rel=\"canonical\" href=\"https:\/\/www.marketingbrand.de\/en\/referenz-christian-polanc\/\" \/>\n<meta property=\"og:locale\" content=\"en_US\" \/>\n<meta property=\"og:type\" content=\"article\" \/>\n<meta property=\"og:title\" content=\"Podcast Webseite erstellen \u2013 Mehr Reichweite f\u00fcr Christian Polanc\" \/>\n<meta property=\"og:description\" content=\"Podcast Webseite erstellen: Moderner Auftritt f\u00fcr Christian Polanc, mehr Reichweite und klare Nutzerf\u00fchrung f\u00fcr neue H\u00f6rer.\" \/>\n<meta property=\"og:url\" content=\"https:\/\/www.marketingbrand.de\/en\/referenz-christian-polanc\/\" \/>\n<meta property=\"og:site_name\" content=\"Marketing-Brand\u00ae \u2013 Webdesign &amp; Social Media Agentur aus Pforzheim\" \/>\n<meta property=\"article:publisher\" content=\"https:\/\/www.facebook.com\/marketingbrand.llc\" \/>\n<meta property=\"article:modified_time\" content=\"2026-04-22T18:58:32+00:00\" \/>\n<meta property=\"og:image\" content=\"https:\/\/www.marketingbrand.de\/wp-content\/uploads\/2026\/04\/MB-Referenz-Unterseiten-Christian-Polanc-1.jpg\" \/>\n\t<meta property=\"og:image:width\" content=\"2560\" \/>\n\t<meta property=\"og:image:height\" content=\"1920\" \/>\n\t<meta property=\"og:image:type\" content=\"image\/jpeg\" \/>\n<meta name=\"twitter:card\" content=\"summary_large_image\" \/>\n<meta name=\"twitter:label1\" content=\"Est. reading time\" \/>\n\t<meta name=\"twitter:data1\" content=\"2 minutes\" \/>\n<script type=\"application\/ld+json\" class=\"yoast-schema-graph\">{\"@context\":\"https:\\\/\\\/schema.org\",\"@graph\":[{\"@type\":\"WebPage\",\"@id\":\"https:\\\/\\\/www.marketingbrand.de\\\/referenz-christian-polanc\\\/\",\"url\":\"https:\\\/\\\/www.marketingbrand.de\\\/referenz-christian-polanc\\\/\",\"name\":\"Podcast Webseite erstellen \u2013 Mehr Reichweite f\u00fcr Christian Polanc\",\"isPartOf\":{\"@id\":\"https:\\\/\\\/www.marketingbrand.de\\\/#website\"},\"primaryImageOfPage\":{\"@id\":\"https:\\\/\\\/www.marketingbrand.de\\\/referenz-christian-polanc\\\/#primaryimage\"},\"image\":{\"@id\":\"https:\\\/\\\/www.marketingbrand.de\\\/referenz-christian-polanc\\\/#primaryimage\"},\"thumbnailUrl\":\"https:\\\/\\\/www.marketingbrand.de\\\/wp-content\\\/uploads\\\/2026\\\/04\\\/MB-Referenz-Unterseiten-Christian-Polanc-1.jpg\",\"datePublished\":\"2026-04-21T13:11:34+00:00\",\"dateModified\":\"2026-04-22T18:58:32+00:00\",\"description\":\"Podcast Webseite erstellen: Moderner Auftritt f\u00fcr Christian Polanc, mehr Reichweite und klare Nutzerf\u00fchrung f\u00fcr neue H\u00f6rer.\",\"breadcrumb\":{\"@id\":\"https:\\\/\\\/www.marketingbrand.de\\\/referenz-christian-polanc\\\/#breadcrumb\"},\"inLanguage\":\"en-US\",\"potentialAction\":[{\"@type\":\"ReadAction\",\"target\":[\"https:\\\/\\\/www.marketingbrand.de\\\/referenz-christian-polanc\\\/\"]}]},{\"@type\":\"ImageObject\",\"inLanguage\":\"en-US\",\"@id\":\"https:\\\/\\\/www.marketingbrand.de\\\/referenz-christian-polanc\\\/#primaryimage\",\"url\":\"https:\\\/\\\/www.marketingbrand.de\\\/wp-content\\\/uploads\\\/2026\\\/04\\\/MB-Referenz-Unterseiten-Christian-Polanc-1.jpg\",\"contentUrl\":\"https:\\\/\\\/www.marketingbrand.de\\\/wp-content\\\/uploads\\\/2026\\\/04\\\/MB-Referenz-Unterseiten-Christian-Polanc-1.jpg\"},{\"@type\":\"BreadcrumbList\",\"@id\":\"https:\\\/\\\/www.marketingbrand.de\\\/referenz-christian-polanc\\\/#breadcrumb\",\"itemListElement\":[{\"@type\":\"ListItem\",\"position\":1,\"name\":\"Startseite\",\"item\":\"https:\\\/\\\/www.marketingbrand.de\\\/\"},{\"@type\":\"ListItem\",\"position\":2,\"name\":\"Referenz Christian Polanc\"}]},{\"@type\":\"WebSite\",\"@id\":\"https:\\\/\\\/www.marketingbrand.de\\\/#website\",\"url\":\"https:\\\/\\\/www.marketingbrand.de\\\/\",\"name\":\"Marketing-Brand\u00ae \u2013 Webdesign &amp; Social Media Agentur aus Pforzheim\",\"description\":\"Webseiten-Optimierung, Social Media Marketing &amp; Content-Strategien f\u00fcr kleine und mittelst\u00e4ndische Unternehmen.\",\"publisher\":{\"@id\":\"https:\\\/\\\/www.marketingbrand.de\\\/#organization\"},\"potentialAction\":[{\"@type\":\"SearchAction\",\"target\":{\"@type\":\"EntryPoint\",\"urlTemplate\":\"https:\\\/\\\/www.marketingbrand.de\\\/?s={search_term_string}\"},\"query-input\":{\"@type\":\"PropertyValueSpecification\",\"valueRequired\":true,\"valueName\":\"search_term_string\"}}],\"inLanguage\":\"en-US\"},{\"@type\":\"Organization\",\"@id\":\"https:\\\/\\\/www.marketingbrand.de\\\/#organization\",\"name\":\"Marketing-Brand\",\"url\":\"https:\\\/\\\/www.marketingbrand.de\\\/\",\"logo\":{\"@type\":\"ImageObject\",\"inLanguage\":\"en-US\",\"@id\":\"https:\\\/\\\/www.marketingbrand.de\\\/#\\\/schema\\\/logo\\\/image\\\/\",\"url\":\"https:\\\/\\\/www.marketingbrand.de\\\/wp-content\\\/uploads\\\/2020\\\/12\\\/Design-ohne-Titel.png\",\"contentUrl\":\"https:\\\/\\\/www.marketingbrand.de\\\/wp-content\\\/uploads\\\/2020\\\/12\\\/Design-ohne-Titel.png\",\"width\":1080,\"height\":1080,\"caption\":\"Marketing-Brand\"},\"image\":{\"@id\":\"https:\\\/\\\/www.marketingbrand.de\\\/#\\\/schema\\\/logo\\\/image\\\/\"},\"sameAs\":[\"https:\\\/\\\/www.facebook.com\\\/marketingbrand.llc\",\"https:\\\/\\\/instagram.com\\\/marketingbrand.llc?igshid=NWRhNmQxMjQ\"]}]}<\/script>\n<!-- \/ Yoast SEO plugin. -->","yoast_head_json":{"title":"Create a Podcast Website \u2013 More Reach for Christian Polanc","description":"Create a Podcast Website: Modern Look for Christian Polanc, More Reach, and Clear User Guidance for New Listeners.","robots":{"index":"index","follow":"follow","max-snippet":"max-snippet:-1","max-image-preview":"max-image-preview:large","max-video-preview":"max-video-preview:-1"},"canonical":"https:\/\/www.marketingbrand.de\/en\/referenz-christian-polanc\/","og_locale":"en_US","og_type":"article","og_title":"Podcast Webseite erstellen \u2013 Mehr Reichweite f\u00fcr Christian Polanc","og_description":"Podcast Webseite erstellen: Moderner Auftritt f\u00fcr Christian Polanc, mehr Reichweite und klare Nutzerf\u00fchrung f\u00fcr neue H\u00f6rer.","og_url":"https:\/\/www.marketingbrand.de\/en\/referenz-christian-polanc\/","og_site_name":"Marketing-Brand\u00ae \u2013 Webdesign &amp; Social Media Agentur aus Pforzheim","article_publisher":"https:\/\/www.facebook.com\/marketingbrand.llc","article_modified_time":"2026-04-22T18:58:32+00:00","og_image":[{"width":2560,"height":1920,"url":"https:\/\/www.marketingbrand.de\/wp-content\/uploads\/2026\/04\/MB-Referenz-Unterseiten-Christian-Polanc-1.jpg","type":"image\/jpeg"}],"twitter_card":"summary_large_image","twitter_misc":{"Est. reading time":"2 minutes"},"schema":{"@context":"https:\/\/schema.org","@graph":[{"@type":"WebPage","@id":"https:\/\/www.marketingbrand.de\/referenz-christian-polanc\/","url":"https:\/\/www.marketingbrand.de\/referenz-christian-polanc\/","name":"Create a Podcast Website \u2013 More Reach for Christian Polanc","isPartOf":{"@id":"https:\/\/www.marketingbrand.de\/#website"},"primaryImageOfPage":{"@id":"https:\/\/www.marketingbrand.de\/referenz-christian-polanc\/#primaryimage"},"image":{"@id":"https:\/\/www.marketingbrand.de\/referenz-christian-polanc\/#primaryimage"},"thumbnailUrl":"https:\/\/www.marketingbrand.de\/wp-content\/uploads\/2026\/04\/MB-Referenz-Unterseiten-Christian-Polanc-1.jpg","datePublished":"2026-04-21T13:11:34+00:00","dateModified":"2026-04-22T18:58:32+00:00","description":"Create a Podcast Website: Modern Look for Christian Polanc, More Reach, and Clear User Guidance for New Listeners.","breadcrumb":{"@id":"https:\/\/www.marketingbrand.de\/referenz-christian-polanc\/#breadcrumb"},"inLanguage":"en-US","potentialAction":[{"@type":"ReadAction","target":["https:\/\/www.marketingbrand.de\/referenz-christian-polanc\/"]}]},{"@type":"ImageObject","inLanguage":"en-US","@id":"https:\/\/www.marketingbrand.de\/referenz-christian-polanc\/#primaryimage","url":"https:\/\/www.marketingbrand.de\/wp-content\/uploads\/2026\/04\/MB-Referenz-Unterseiten-Christian-Polanc-1.jpg","contentUrl":"https:\/\/www.marketingbrand.de\/wp-content\/uploads\/2026\/04\/MB-Referenz-Unterseiten-Christian-Polanc-1.jpg"},{"@type":"BreadcrumbList","@id":"https:\/\/www.marketingbrand.de\/referenz-christian-polanc\/#breadcrumb","itemListElement":[{"@type":"ListItem","position":1,"name":"Startseite","item":"https:\/\/www.marketingbrand.de\/"},{"@type":"ListItem","position":2,"name":"Referenz Christian Polanc"}]},{"@type":"WebSite","@id":"https:\/\/www.marketingbrand.de\/#website","url":"https:\/\/www.marketingbrand.de\/","name":"Marketing-Brand\u00ae - Webdesign &amp; Social Media Agency from Pforzheim","description":"Website optimization, social media marketing &amp; content strategies for small and medium-sized companies.","publisher":{"@id":"https:\/\/www.marketingbrand.de\/#organization"},"potentialAction":[{"@type":"SearchAction","target":{"@type":"EntryPoint","urlTemplate":"https:\/\/www.marketingbrand.de\/?s={search_term_string}"},"query-input":{"@type":"PropertyValueSpecification","valueRequired":true,"valueName":"search_term_string"}}],"inLanguage":"en-US"},{"@type":"Organization","@id":"https:\/\/www.marketingbrand.de\/#organization","name":"Marketing Brand","url":"https:\/\/www.marketingbrand.de\/","logo":{"@type":"ImageObject","inLanguage":"en-US","@id":"https:\/\/www.marketingbrand.de\/#\/schema\/logo\/image\/","url":"https:\/\/www.marketingbrand.de\/wp-content\/uploads\/2020\/12\/Design-ohne-Titel.png","contentUrl":"https:\/\/www.marketingbrand.de\/wp-content\/uploads\/2020\/12\/Design-ohne-Titel.png","width":1080,"height":1080,"caption":"Marketing-Brand"},"image":{"@id":"https:\/\/www.marketingbrand.de\/#\/schema\/logo\/image\/"},"sameAs":["https:\/\/www.facebook.com\/marketingbrand.llc","https:\/\/instagram.com\/marketingbrand.llc?igshid=NWRhNmQxMjQ"]}]}},"_links":{"self":[{"href":"https:\/\/www.marketingbrand.de\/en\/wp-json\/wp\/v2\/pages\/14237","targetHints":{"allow":["GET"]}}],"collection":[{"href":"https:\/\/www.marketingbrand.de\/en\/wp-json\/wp\/v2\/pages"}],"about":[{"href":"https:\/\/www.marketingbrand.de\/en\/wp-json\/wp\/v2\/types\/page"}],"author":[{"embeddable":true,"href":"https:\/\/www.marketingbrand.de\/en\/wp-json\/wp\/v2\/users\/1"}],"replies":[{"embeddable":true,"href":"https:\/\/www.marketingbrand.de\/en\/wp-json\/wp\/v2\/comments?post=14237"}],"version-history":[{"count":0,"href":"https:\/\/www.marketingbrand.de\/en\/wp-json\/wp\/v2\/pages\/14237\/revisions"}],"wp:attachment":[{"href":"https:\/\/www.marketingbrand.de\/en\/wp-json\/wp\/v2\/media?parent=14237"}],"curies":[{"name":"wp","href":"https:\/\/api.w.org\/{rel}","templated":true}]}}