{"id":14191,"date":"2026-04-20T17:53:20","date_gmt":"2026-04-20T15:53:20","guid":{"rendered":"https:\/\/www.marketingbrand.de\/?page_id=14191"},"modified":"2026-04-20T18:51:15","modified_gmt":"2026-04-20T16:51:15","slug":"referenz-kaiser-heubach-partner-steuerberater","status":"publish","type":"page","link":"https:\/\/www.marketingbrand.de\/en\/referenz-kaiser-heubach-partner-steuerberater\/","title":{"rendered":"Reference Kaiser \u2013 Heubach &amp; Partner Tax Advisors"},"content":{"rendered":"<div data-elementor-type=\"wp-page\" data-elementor-id=\"14191\" class=\"elementor elementor-14191\" data-elementor-post-type=\"page\">\n\t\t\t\t<div data-particle_enable=\"false\" data-particle-mobile-disabled=\"false\" class=\"elementor-element elementor-element-8bdbc94 e-flex e-con-boxed e-con e-parent\" data-id=\"8bdbc94\" data-element_type=\"container\" data-e-type=\"container\" data-settings=\"{&quot;background_background&quot;:&quot;classic&quot;}\">\n\t\t\t\t\t<div class=\"e-con-inner\">\n\t\t<div data-particle_enable=\"false\" data-particle-mobile-disabled=\"false\" class=\"elementor-element elementor-element-c54fc47 e-con-full e-flex elementor-invisible e-con e-child\" data-id=\"c54fc47\" data-element_type=\"container\" data-e-type=\"container\" data-settings=\"{&quot;animation&quot;:&quot;slideInLeft&quot;}\">\n\t\t\t\t<div class=\"elementor-element elementor-element-2896407 elementor-invisible elementor-widget elementor-widget-heading\" data-id=\"2896407\" data-element_type=\"widget\" data-e-type=\"widget\" data-settings=\"{&quot;_animation&quot;:&quot;fadeInLeft&quot;}\" data-widget_type=\"heading.default\">\n\t\t\t\t<div class=\"elementor-widget-container\">\n\t\t\t\t\t<h2 class=\"elementor-heading-title elementor-size-default\">\u201eOptimize Tax Advisor Website: Gained 2 Employees in 45 Days\u201c<\/h2>\t\t\t\t<\/div>\n\t\t\t\t<\/div>\n\t\t\t\t<div class=\"elementor-element elementor-element-23b2e69 elementor-invisible elementor-widget elementor-widget-heading\" data-id=\"23b2e69\" data-element_type=\"widget\" data-e-type=\"widget\" data-settings=\"{&quot;_animation&quot;:&quot;fadeInLeft&quot;}\" data-widget_type=\"heading.default\">\n\t\t\t\t<div class=\"elementor-widget-container\">\n\t\t\t\t\t<h2 class=\"elementor-heading-title elementor-size-default\">April 28, 2021<\/h2>\t\t\t\t<\/div>\n\t\t\t\t<\/div>\n\t\t\t\t<div class=\"elementor-element elementor-element-c2fd682 elementor-align-left elementor-mobile-align-justify animated-slow elementor-invisible elementor-widget elementor-widget-button\" data-id=\"c2fd682\" data-element_type=\"widget\" data-e-type=\"widget\" data-settings=\"{&quot;_animation_mobile&quot;:&quot;fadeInUp&quot;,&quot;_animation&quot;:&quot;fadeInLeft&quot;}\" data-widget_type=\"button.default\">\n\t\t\t\t<div class=\"elementor-widget-container\">\n\t\t\t\t\t\t\t\t\t<div class=\"elementor-button-wrapper\">\n\t\t\t\t\t<a class=\"elementor-button elementor-button-link elementor-size-md\" href=\"https:\/\/www.khp-steuerberater.de\" target=\"_blank\">\n\t\t\t\t\t\t<span class=\"elementor-button-content-wrapper\">\n\t\t\t\t\t\t<span class=\"elementor-button-icon\">\n\t\t\t\t<i aria-hidden=\"true\" class=\"fas fa-link\"><\/i>\t\t\t<\/span>\n\t\t\t\t\t\t\t\t\t<span class=\"elementor-button-text\">Visit Site<\/span>\n\t\t\t\t\t<\/span>\n\t\t\t\t\t<\/a>\n\t\t\t\t<\/div>\n\t\t\t\t\t\t\t\t<\/div>\n\t\t\t\t<\/div>\n\t\t\t\t<\/div>\n\t\t<div data-particle_enable=\"false\" data-particle-mobile-disabled=\"false\" class=\"elementor-element elementor-element-db549c8 e-con-full e-flex e-con e-child\" data-id=\"db549c8\" data-element_type=\"container\" data-e-type=\"container\">\n\t\t\t\t<div class=\"elementor-element elementor-element-26ce8bb elementor-invisible elementor-widget elementor-widget-image\" data-id=\"26ce8bb\" data-element_type=\"widget\" data-e-type=\"widget\" data-settings=\"{&quot;_animation&quot;:&quot;slideInRight&quot;}\" data-widget_type=\"image.default\">\n\t\t\t\t<div class=\"elementor-widget-container\">\n\t\t\t\t\t\t\t\t\t\t\t\t\t\t\t\t<a href=\"https:\/\/www.khp-steuerberater.de\" target=\"_blank\">\n\t\t\t\t\t\t\t<img fetchpriority=\"high\" decoding=\"async\" width=\"2560\" height=\"1920\" src=\"https:\/\/www.marketingbrand.de\/wp-content\/uploads\/2026\/04\/MB-Referenz-Unterseiten-KHP.jpg\" class=\"attachment-full size-full wp-image-14197\" alt=\"Kaiser - Heubach &amp; Partner Tax Advisors Part GmbB\" srcset=\"https:\/\/www.marketingbrand.de\/wp-content\/uploads\/2026\/04\/MB-Referenz-Unterseiten-KHP.jpg 2560w, https:\/\/www.marketingbrand.de\/wp-content\/uploads\/2026\/04\/MB-Referenz-Unterseiten-KHP-300x225.jpg 300w, https:\/\/www.marketingbrand.de\/wp-content\/uploads\/2026\/04\/MB-Referenz-Unterseiten-KHP-1024x768.jpg 1024w, https:\/\/www.marketingbrand.de\/wp-content\/uploads\/2026\/04\/MB-Referenz-Unterseiten-KHP-768x576.jpg 768w, https:\/\/www.marketingbrand.de\/wp-content\/uploads\/2026\/04\/MB-Referenz-Unterseiten-KHP-1536x1152.jpg 1536w, https:\/\/www.marketingbrand.de\/wp-content\/uploads\/2026\/04\/MB-Referenz-Unterseiten-KHP-2048x1536.jpg 2048w, https:\/\/www.marketingbrand.de\/wp-content\/uploads\/2026\/04\/MB-Referenz-Unterseiten-KHP-16x12.jpg 16w, https:\/\/www.marketingbrand.de\/wp-content\/uploads\/2026\/04\/MB-Referenz-Unterseiten-KHP-67x50.jpg 67w\" sizes=\"(max-width: 2560px) 100vw, 2560px\" \/>\t\t\t\t\t\t\t\t<\/a>\n\t\t\t\t\t\t\t\t\t\t\t\t\t\t\t<\/div>\n\t\t\t\t<\/div>\n\t\t\t\t<\/div>\n\t\t\t\t\t<\/div>\n\t\t\t\t<\/div>\n\t\t<div data-particle_enable=\"false\" data-particle-mobile-disabled=\"false\" class=\"elementor-element elementor-element-5b47054 e-flex e-con-boxed e-con e-parent\" data-id=\"5b47054\" data-element_type=\"container\" data-e-type=\"container\">\n\t\t\t\t\t<div class=\"e-con-inner\">\n\t\t<div data-particle_enable=\"false\" data-particle-mobile-disabled=\"false\" class=\"elementor-element elementor-element-9240f82 e-con-full e-flex e-con e-child\" data-id=\"9240f82\" data-element_type=\"container\" data-e-type=\"container\">\n\t\t\t\t<div class=\"elementor-element elementor-element-81f32f1 elementor-widget__width-inherit elementor-invisible elementor-widget elementor-widget-heading\" data-id=\"81f32f1\" data-element_type=\"widget\" data-e-type=\"widget\" data-settings=\"{&quot;_animation&quot;:&quot;slideInUp&quot;}\" data-widget_type=\"heading.default\">\n\t\t\t\t<div class=\"elementor-widget-container\">\n\t\t\t\t\t<h2 class=\"elementor-heading-title elementor-size-default\">Our service<\/h2>\t\t\t\t<\/div>\n\t\t\t\t<\/div>\n\t\t\t\t<div class=\"elementor-element elementor-element-3959c9f elementor-widget__width-initial elementor-widget-tablet__width-inherit elementor-invisible elementor-widget elementor-widget-heading\" data-id=\"3959c9f\" data-element_type=\"widget\" data-e-type=\"widget\" data-settings=\"{&quot;_animation&quot;:&quot;slideInUp&quot;}\" data-widget_type=\"heading.default\">\n\t\t\t\t<div class=\"elementor-widget-container\">\n\t\t\t\t\t<h2 class=\"elementor-heading-title elementor-size-default\">For your web presence<\/h2>\t\t\t\t<\/div>\n\t\t\t\t<\/div>\n\t\t\t\t<div class=\"elementor-element elementor-element-98339cc elementor-widget__width-initial elementor-widget-tablet__width-inherit elementor-invisible elementor-widget elementor-widget-text-editor\" data-id=\"98339cc\" data-element_type=\"widget\" data-e-type=\"widget\" data-settings=\"{&quot;_animation&quot;:&quot;fadeInRight&quot;}\" data-widget_type=\"text-editor.default\">\n\t\t\t\t<div class=\"elementor-widget-container\">\n\t\t\t\t\t\t\t\t\t<p data-start=\"277\" data-end=\"532\">The law firm Kaiser, Heubach &amp; Partner has been established for decades and operates successfully on a supra-regional level with over 20 employees. The goal was to specifically optimize the website of KHP Steuerberater PartGmbB and, at the same time, structure it more clearly.<\/p><p data-start=\"803\" data-end=\"1005\">Another focus was on employee recruitment. Here too, the optimization is having an effect, as two qualified employees were recruited via the website within just 1.5 months.<\/p>\t\t\t\t\t\t\t\t<\/div>\n\t\t\t\t<\/div>\n\t\t<div data-particle_enable=\"false\" data-particle-mobile-disabled=\"false\" class=\"elementor-element elementor-element-dc3163a e-con-full e-flex e-con e-child\" data-id=\"dc3163a\" data-element_type=\"container\" data-e-type=\"container\">\n\t\t<div data-particle_enable=\"false\" data-particle-mobile-disabled=\"false\" class=\"elementor-element elementor-element-9c2b85a e-con-full e-flex elementor-invisible e-con e-child\" data-id=\"9c2b85a\" data-element_type=\"container\" data-e-type=\"container\" data-settings=\"{&quot;background_background&quot;:&quot;gradient&quot;,&quot;animation&quot;:&quot;fadeInUp&quot;}\">\n\t\t\t\t<div class=\"elementor-element elementor-element-2a70d5d elementor-cta--valign-middle elementor-cta--skin-classic elementor-animated-content elementor-bg-transform elementor-bg-transform-zoom-in elementor-widget elementor-widget-call-to-action\" data-id=\"2a70d5d\" data-element_type=\"widget\" data-e-type=\"widget\" data-widget_type=\"call-to-action.default\">\n\t\t\t\t<div class=\"elementor-widget-container\">\n\t\t\t\t\t\t\t<div class=\"elementor-cta\">\n\t\t\t\t\t\t\t<div class=\"elementor-cta__content\">\n\t\t\t\t\n\t\t\t\t\t\t\t\t\t<h2 class=\"elementor-cta__title elementor-cta__content-item elementor-content-item\">\n\t\t\t\t\t\tOnline presence\t\t\t\t\t<\/h2>\n\t\t\t\t\n\t\t\t\t\t\t\t\t\t<div class=\"elementor-cta__description elementor-cta__content-item elementor-content-item\">\n\t\t\t\t\t\tA modern and clearly structured website ensures that services are quickly understandable. This way, clients and prospective clients can find all important information directly and get a professional impression of the law firm.\t\t\t\t\t<\/div>\n\t\t\t\t\n\t\t\t\t\t\t\t<\/div>\n\t\t\t\t\t\t<\/div>\n\t\t\t\t\t\t<\/div>\n\t\t\t\t<\/div>\n\t\t\t\t<\/div>\n\t\t<div data-particle_enable=\"false\" data-particle-mobile-disabled=\"false\" class=\"elementor-element elementor-element-5061ef9 e-con-full e-flex elementor-invisible e-con e-child\" data-id=\"5061ef9\" data-element_type=\"container\" data-e-type=\"container\" data-settings=\"{&quot;background_background&quot;:&quot;gradient&quot;,&quot;animation&quot;:&quot;fadeInUp&quot;}\">\n\t\t\t\t<div class=\"elementor-element elementor-element-50283df elementor-cta--valign-middle elementor-cta--skin-classic elementor-animated-content elementor-bg-transform elementor-bg-transform-zoom-in elementor-widget elementor-widget-call-to-action\" data-id=\"50283df\" data-element_type=\"widget\" data-e-type=\"widget\" data-widget_type=\"call-to-action.default\">\n\t\t\t\t<div class=\"elementor-widget-container\">\n\t\t\t\t\t\t\t<div class=\"elementor-cta\">\n\t\t\t\t\t\t\t<div class=\"elementor-cta__content\">\n\t\t\t\t\n\t\t\t\t\t\t\t\t\t<h2 class=\"elementor-cta__title elementor-cta__content-item elementor-content-item\">\n\t\t\t\t\t\tMobile UX\t\t\t\t\t<\/h2>\n\t\t\t\t\n\t\t\t\t\t\t\t\t\t<div class=\"elementor-cta__description elementor-cta__content-item elementor-content-item\">\n\t\t\t\t\t\tSimple operation is especially important on mobile devices. That's why the website was designed to load content quickly and allow users to find their way around immediately. This makes it easy to submit requests at any time.\t\t\t\t\t<\/div>\n\t\t\t\t\n\t\t\t\t\t\t\t<\/div>\n\t\t\t\t\t\t<\/div>\n\t\t\t\t\t\t<\/div>\n\t\t\t\t<\/div>\n\t\t\t\t<\/div>\n\t\t<div data-particle_enable=\"false\" data-particle-mobile-disabled=\"false\" class=\"elementor-element elementor-element-4d9aef6 e-con-full e-flex elementor-invisible e-con e-child\" data-id=\"4d9aef6\" data-element_type=\"container\" data-e-type=\"container\" data-settings=\"{&quot;background_background&quot;:&quot;gradient&quot;,&quot;animation&quot;:&quot;fadeInUp&quot;}\">\n\t\t\t\t<div class=\"elementor-element elementor-element-c7bdbc7 elementor-cta--valign-middle elementor-cta--skin-classic elementor-animated-content elementor-bg-transform elementor-bg-transform-zoom-in elementor-widget elementor-widget-call-to-action\" data-id=\"c7bdbc7\" data-element_type=\"widget\" data-e-type=\"widget\" data-widget_type=\"call-to-action.default\">\n\t\t\t\t<div class=\"elementor-widget-container\">\n\t\t\t\t\t\t\t<div class=\"elementor-cta\">\n\t\t\t\t\t\t\t<div class=\"elementor-cta__content\">\n\t\t\t\t\n\t\t\t\t\t\t\t\t\t<h2 class=\"elementor-cta__title elementor-cta__content-item elementor-content-item\">\n\t\t\t\t\t\tConversion boost\t\t\t\t\t<\/h2>\n\t\t\t\t\n\t\t\t\t\t\t\t\t\t<div class=\"elementor-cta__description elementor-cta__content-item elementor-content-item\">\n\t\t\t\t\t\tClear content and targeted calls to action actively guide visitors towards inquiries and applications. As a result, not only were new clients acquired, but two qualified employees were also hired within a short period.\t\t\t\t\t<\/div>\n\t\t\t\t\n\t\t\t\t\t\t\t<\/div>\n\t\t\t\t\t\t<\/div>\n\t\t\t\t\t\t<\/div>\n\t\t\t\t<\/div>\n\t\t\t\t<\/div>\n\t\t\t\t<\/div>\n\t\t\t\t<\/div>\n\t\t\t\t\t<\/div>\n\t\t\t\t<\/div>\n\t\t<div data-particle_enable=\"false\" data-particle-mobile-disabled=\"false\" class=\"elementor-element elementor-element-c272d0c e-flex e-con-boxed e-con e-parent\" data-id=\"c272d0c\" data-element_type=\"container\" data-e-type=\"container\">\n\t\t\t\t\t<div class=\"e-con-inner\">\n\t\t\t\t<div class=\"elementor-element elementor-element-699248d elementor-invisible elementor-widget elementor-widget-text-editor\" data-id=\"699248d\" data-element_type=\"widget\" data-e-type=\"widget\" data-settings=\"{&quot;_animation&quot;:&quot;fadeInUp&quot;}\" data-widget_type=\"text-editor.default\">\n\t\t\t\t<div class=\"elementor-widget-container\">\n\t\t\t\t\t\t\t\t\t<p>A modern design and improved user guidance now allow existing customers to get a quicker overview of all services. At the same time, targeted content and clear calls to action also appeal to new clients and guide them directly to contact.<\/p>\t\t\t\t\t\t\t\t<\/div>\n\t\t\t\t<\/div>\n\t\t\t\t<div class=\"elementor-element elementor-element-ab651a6 elementor-align-left elementor-mobile-align-center elementor-widget elementor-widget-global elementor-global-12679 elementor-widget-button\" data-id=\"ab651a6\" data-element_type=\"widget\" data-e-type=\"widget\" data-settings=\"{&quot;_animation_mobile&quot;:&quot;fadeInUp&quot;}\" data-widget_type=\"button.default\">\n\t\t\t\t<div class=\"elementor-widget-container\">\n\t\t\t\t\t\t\t\t\t<div class=\"elementor-button-wrapper\">\n\t\t\t\t\t<a class=\"elementor-button elementor-button-link elementor-size-md elementor-animation-float\" href=\"#elementor-action%3Aaction%3Dpopup%3Aopen%26settings%3DeyJpZCI6IjYwMTMiLCJ0b2dnbGUiOmZhbHNlfQ%3D%3D\">\n\t\t\t\t\t\t<span class=\"elementor-button-content-wrapper\">\n\t\t\t\t\t\t\t\t\t<span class=\"elementor-button-text\">Arrange initial meeting now<\/span>\n\t\t\t\t\t<\/span>\n\t\t\t\t\t<\/a>\n\t\t\t\t<\/div>\n\t\t\t\t\t\t\t\t<\/div>\n\t\t\t\t<\/div>\n\t\t\t\t\t<\/div>\n\t\t\t\t<\/div>\n\t\t\t\t<\/div>","protected":false},"excerpt":{"rendered":"<p>\u201eWebseite Steuerberater optimieren: 2 Mitarbeiter in 45 Tagen gewonnen\u201c 28. April 2021 Webseite besuchen Unser Service F\u00fcr deinen Web-Auftritt Die Kanzlei Kaiser, Heubach &amp; Partner ist seit Jahrzehnten etabliert und mit \u00fcber 20 Mitarbeitern erfolgreich \u00fcberregional t\u00e4tig. Ziel war es, die Webseite der KHP Steuerberater PartGmbB gezielt zu optimieren und gleichzeitig klarer zu strukturieren. Ein [&hellip;]<\/p>\n","protected":false},"author":1,"featured_media":0,"parent":0,"menu_order":0,"comment_status":"closed","ping_status":"closed","template":"","meta":{"footnotes":""},"class_list":["post-14191","page","type-page","status-publish","hentry"],"yoast_head":"<!-- This site is optimized with the Yoast SEO plugin v27.4 - https:\/\/yoast.com\/product\/yoast-seo-wordpress\/ -->\n<title>Webseite Steuerberater optimieren \u2013 2 Mitarbeiter in 45 Tagen gewonnen<\/title>\n<meta name=\"description\" content=\"Webseite Steuerberater optimieren: Klare Struktur, bessere UX und 2 neue Mitarbeiter in nur 45 Tagen durch gezielte Optimierung.\" \/>\n<meta name=\"robots\" content=\"index, follow, max-snippet:-1, max-image-preview:large, max-video-preview:-1\" \/>\n<link rel=\"canonical\" href=\"https:\/\/www.marketingbrand.de\/en\/referenz-kaiser-heubach-partner-steuerberater\/\" \/>\n<meta property=\"og:locale\" content=\"en_US\" \/>\n<meta property=\"og:type\" content=\"article\" \/>\n<meta property=\"og:title\" content=\"Webseite Steuerberater optimieren \u2013 2 Mitarbeiter in 45 Tagen gewonnen\" \/>\n<meta property=\"og:description\" content=\"Webseite Steuerberater optimieren: Klare Struktur, bessere UX und 2 neue Mitarbeiter in nur 45 Tagen durch gezielte Optimierung.\" \/>\n<meta property=\"og:url\" content=\"https:\/\/www.marketingbrand.de\/en\/referenz-kaiser-heubach-partner-steuerberater\/\" \/>\n<meta property=\"og:site_name\" content=\"Marketing-Brand\u00ae \u2013 Webdesign &amp; Social Media Agentur aus Pforzheim\" \/>\n<meta property=\"article:publisher\" content=\"https:\/\/www.facebook.com\/marketingbrand.llc\" \/>\n<meta property=\"article:modified_time\" content=\"2026-04-20T16:51:15+00:00\" \/>\n<meta property=\"og:image\" content=\"https:\/\/www.marketingbrand.de\/wp-content\/uploads\/2026\/04\/MB-Referenz-Unterseiten-KHP.jpg\" \/>\n<meta name=\"twitter:card\" content=\"summary_large_image\" \/>\n<meta name=\"twitter:label1\" content=\"Est. reading time\" \/>\n\t<meta name=\"twitter:data1\" content=\"2 minutes\" \/>\n<script type=\"application\/ld+json\" class=\"yoast-schema-graph\">{\"@context\":\"https:\\\/\\\/schema.org\",\"@graph\":[{\"@type\":\"WebPage\",\"@id\":\"https:\\\/\\\/www.marketingbrand.de\\\/referenz-kaiser-heubach-partner-steuerberater\\\/\",\"url\":\"https:\\\/\\\/www.marketingbrand.de\\\/referenz-kaiser-heubach-partner-steuerberater\\\/\",\"name\":\"Webseite Steuerberater optimieren \u2013 2 Mitarbeiter in 45 Tagen gewonnen\",\"isPartOf\":{\"@id\":\"https:\\\/\\\/www.marketingbrand.de\\\/#website\"},\"primaryImageOfPage\":{\"@id\":\"https:\\\/\\\/www.marketingbrand.de\\\/referenz-kaiser-heubach-partner-steuerberater\\\/#primaryimage\"},\"image\":{\"@id\":\"https:\\\/\\\/www.marketingbrand.de\\\/referenz-kaiser-heubach-partner-steuerberater\\\/#primaryimage\"},\"thumbnailUrl\":\"https:\\\/\\\/www.marketingbrand.de\\\/wp-content\\\/uploads\\\/2026\\\/04\\\/MB-Referenz-Unterseiten-KHP.jpg\",\"datePublished\":\"2026-04-20T15:53:20+00:00\",\"dateModified\":\"2026-04-20T16:51:15+00:00\",\"description\":\"Webseite Steuerberater optimieren: Klare Struktur, bessere UX und 2 neue Mitarbeiter in nur 45 Tagen durch gezielte Optimierung.\",\"breadcrumb\":{\"@id\":\"https:\\\/\\\/www.marketingbrand.de\\\/referenz-kaiser-heubach-partner-steuerberater\\\/#breadcrumb\"},\"inLanguage\":\"en-US\",\"potentialAction\":[{\"@type\":\"ReadAction\",\"target\":[\"https:\\\/\\\/www.marketingbrand.de\\\/referenz-kaiser-heubach-partner-steuerberater\\\/\"]}]},{\"@type\":\"ImageObject\",\"inLanguage\":\"en-US\",\"@id\":\"https:\\\/\\\/www.marketingbrand.de\\\/referenz-kaiser-heubach-partner-steuerberater\\\/#primaryimage\",\"url\":\"https:\\\/\\\/www.marketingbrand.de\\\/wp-content\\\/uploads\\\/2026\\\/04\\\/MB-Referenz-Unterseiten-KHP.jpg\",\"contentUrl\":\"https:\\\/\\\/www.marketingbrand.de\\\/wp-content\\\/uploads\\\/2026\\\/04\\\/MB-Referenz-Unterseiten-KHP.jpg\"},{\"@type\":\"BreadcrumbList\",\"@id\":\"https:\\\/\\\/www.marketingbrand.de\\\/referenz-kaiser-heubach-partner-steuerberater\\\/#breadcrumb\",\"itemListElement\":[{\"@type\":\"ListItem\",\"position\":1,\"name\":\"Startseite\",\"item\":\"https:\\\/\\\/www.marketingbrand.de\\\/\"},{\"@type\":\"ListItem\",\"position\":2,\"name\":\"Referenz Kaiser &#8211; Heubach &#038; Partner Steuerberater\"}]},{\"@type\":\"WebSite\",\"@id\":\"https:\\\/\\\/www.marketingbrand.de\\\/#website\",\"url\":\"https:\\\/\\\/www.marketingbrand.de\\\/\",\"name\":\"Marketing-Brand\u00ae \u2013 Webdesign &amp; Social Media Agentur aus Pforzheim\",\"description\":\"Webseiten-Optimierung, Social Media Marketing &amp; Content-Strategien f\u00fcr kleine und mittelst\u00e4ndische Unternehmen.\",\"publisher\":{\"@id\":\"https:\\\/\\\/www.marketingbrand.de\\\/#organization\"},\"potentialAction\":[{\"@type\":\"SearchAction\",\"target\":{\"@type\":\"EntryPoint\",\"urlTemplate\":\"https:\\\/\\\/www.marketingbrand.de\\\/?s={search_term_string}\"},\"query-input\":{\"@type\":\"PropertyValueSpecification\",\"valueRequired\":true,\"valueName\":\"search_term_string\"}}],\"inLanguage\":\"en-US\"},{\"@type\":\"Organization\",\"@id\":\"https:\\\/\\\/www.marketingbrand.de\\\/#organization\",\"name\":\"Marketing-Brand\",\"url\":\"https:\\\/\\\/www.marketingbrand.de\\\/\",\"logo\":{\"@type\":\"ImageObject\",\"inLanguage\":\"en-US\",\"@id\":\"https:\\\/\\\/www.marketingbrand.de\\\/#\\\/schema\\\/logo\\\/image\\\/\",\"url\":\"https:\\\/\\\/www.marketingbrand.de\\\/wp-content\\\/uploads\\\/2020\\\/12\\\/Design-ohne-Titel.png\",\"contentUrl\":\"https:\\\/\\\/www.marketingbrand.de\\\/wp-content\\\/uploads\\\/2020\\\/12\\\/Design-ohne-Titel.png\",\"width\":1080,\"height\":1080,\"caption\":\"Marketing-Brand\"},\"image\":{\"@id\":\"https:\\\/\\\/www.marketingbrand.de\\\/#\\\/schema\\\/logo\\\/image\\\/\"},\"sameAs\":[\"https:\\\/\\\/www.facebook.com\\\/marketingbrand.llc\",\"https:\\\/\\\/instagram.com\\\/marketingbrand.llc?igshid=NWRhNmQxMjQ\"]}]}<\/script>\n<!-- \/ Yoast SEO plugin. -->","yoast_head_json":{"title":"Website Tax Advisor Optimization \u2013 2 Employees Gained in 45 Days","description":"Website tax advisor optimization: Clear structure, better UX, and 2 new employees in just 45 days through targeted optimization.","robots":{"index":"index","follow":"follow","max-snippet":"max-snippet:-1","max-image-preview":"max-image-preview:large","max-video-preview":"max-video-preview:-1"},"canonical":"https:\/\/www.marketingbrand.de\/en\/referenz-kaiser-heubach-partner-steuerberater\/","og_locale":"en_US","og_type":"article","og_title":"Webseite Steuerberater optimieren \u2013 2 Mitarbeiter in 45 Tagen gewonnen","og_description":"Webseite Steuerberater optimieren: Klare Struktur, bessere UX und 2 neue Mitarbeiter in nur 45 Tagen durch gezielte Optimierung.","og_url":"https:\/\/www.marketingbrand.de\/en\/referenz-kaiser-heubach-partner-steuerberater\/","og_site_name":"Marketing-Brand\u00ae \u2013 Webdesign &amp; Social Media Agentur aus Pforzheim","article_publisher":"https:\/\/www.facebook.com\/marketingbrand.llc","article_modified_time":"2026-04-20T16:51:15+00:00","og_image":[{"url":"https:\/\/www.marketingbrand.de\/wp-content\/uploads\/2026\/04\/MB-Referenz-Unterseiten-KHP.jpg","type":"","width":"","height":""}],"twitter_card":"summary_large_image","twitter_misc":{"Est. reading time":"2 minutes"},"schema":{"@context":"https:\/\/schema.org","@graph":[{"@type":"WebPage","@id":"https:\/\/www.marketingbrand.de\/referenz-kaiser-heubach-partner-steuerberater\/","url":"https:\/\/www.marketingbrand.de\/referenz-kaiser-heubach-partner-steuerberater\/","name":"Website Tax Advisor Optimization \u2013 2 Employees Gained in 45 Days","isPartOf":{"@id":"https:\/\/www.marketingbrand.de\/#website"},"primaryImageOfPage":{"@id":"https:\/\/www.marketingbrand.de\/referenz-kaiser-heubach-partner-steuerberater\/#primaryimage"},"image":{"@id":"https:\/\/www.marketingbrand.de\/referenz-kaiser-heubach-partner-steuerberater\/#primaryimage"},"thumbnailUrl":"https:\/\/www.marketingbrand.de\/wp-content\/uploads\/2026\/04\/MB-Referenz-Unterseiten-KHP.jpg","datePublished":"2026-04-20T15:53:20+00:00","dateModified":"2026-04-20T16:51:15+00:00","description":"Website tax advisor optimization: Clear structure, better UX, and 2 new employees in just 45 days through targeted optimization.","breadcrumb":{"@id":"https:\/\/www.marketingbrand.de\/referenz-kaiser-heubach-partner-steuerberater\/#breadcrumb"},"inLanguage":"en-US","potentialAction":[{"@type":"ReadAction","target":["https:\/\/www.marketingbrand.de\/referenz-kaiser-heubach-partner-steuerberater\/"]}]},{"@type":"ImageObject","inLanguage":"en-US","@id":"https:\/\/www.marketingbrand.de\/referenz-kaiser-heubach-partner-steuerberater\/#primaryimage","url":"https:\/\/www.marketingbrand.de\/wp-content\/uploads\/2026\/04\/MB-Referenz-Unterseiten-KHP.jpg","contentUrl":"https:\/\/www.marketingbrand.de\/wp-content\/uploads\/2026\/04\/MB-Referenz-Unterseiten-KHP.jpg"},{"@type":"BreadcrumbList","@id":"https:\/\/www.marketingbrand.de\/referenz-kaiser-heubach-partner-steuerberater\/#breadcrumb","itemListElement":[{"@type":"ListItem","position":1,"name":"Startseite","item":"https:\/\/www.marketingbrand.de\/"},{"@type":"ListItem","position":2,"name":"Referenz Kaiser &#8211; Heubach &#038; Partner Steuerberater"}]},{"@type":"WebSite","@id":"https:\/\/www.marketingbrand.de\/#website","url":"https:\/\/www.marketingbrand.de\/","name":"Marketing-Brand\u00ae - Webdesign &amp; Social Media Agency from Pforzheim","description":"Website optimization, social media marketing &amp; content strategies for small and medium-sized companies.","publisher":{"@id":"https:\/\/www.marketingbrand.de\/#organization"},"potentialAction":[{"@type":"SearchAction","target":{"@type":"EntryPoint","urlTemplate":"https:\/\/www.marketingbrand.de\/?s={search_term_string}"},"query-input":{"@type":"PropertyValueSpecification","valueRequired":true,"valueName":"search_term_string"}}],"inLanguage":"en-US"},{"@type":"Organization","@id":"https:\/\/www.marketingbrand.de\/#organization","name":"Marketing Brand","url":"https:\/\/www.marketingbrand.de\/","logo":{"@type":"ImageObject","inLanguage":"en-US","@id":"https:\/\/www.marketingbrand.de\/#\/schema\/logo\/image\/","url":"https:\/\/www.marketingbrand.de\/wp-content\/uploads\/2020\/12\/Design-ohne-Titel.png","contentUrl":"https:\/\/www.marketingbrand.de\/wp-content\/uploads\/2020\/12\/Design-ohne-Titel.png","width":1080,"height":1080,"caption":"Marketing-Brand"},"image":{"@id":"https:\/\/www.marketingbrand.de\/#\/schema\/logo\/image\/"},"sameAs":["https:\/\/www.facebook.com\/marketingbrand.llc","https:\/\/instagram.com\/marketingbrand.llc?igshid=NWRhNmQxMjQ"]}]}},"_links":{"self":[{"href":"https:\/\/www.marketingbrand.de\/en\/wp-json\/wp\/v2\/pages\/14191","targetHints":{"allow":["GET"]}}],"collection":[{"href":"https:\/\/www.marketingbrand.de\/en\/wp-json\/wp\/v2\/pages"}],"about":[{"href":"https:\/\/www.marketingbrand.de\/en\/wp-json\/wp\/v2\/types\/page"}],"author":[{"embeddable":true,"href":"https:\/\/www.marketingbrand.de\/en\/wp-json\/wp\/v2\/users\/1"}],"replies":[{"embeddable":true,"href":"https:\/\/www.marketingbrand.de\/en\/wp-json\/wp\/v2\/comments?post=14191"}],"version-history":[{"count":0,"href":"https:\/\/www.marketingbrand.de\/en\/wp-json\/wp\/v2\/pages\/14191\/revisions"}],"wp:attachment":[{"href":"https:\/\/www.marketingbrand.de\/en\/wp-json\/wp\/v2\/media?parent=14191"}],"curies":[{"name":"wp","href":"https:\/\/api.w.org\/{rel}","templated":true}]}}